{"id":13,"date":"2023-09-29T18:17:50","date_gmt":"2023-09-29T16:17:50","guid":{"rendered":"https:\/\/ny.argaladei.nu\/?page_id=13"},"modified":"2026-02-15T11:32:30","modified_gmt":"2026-02-15T10:32:30","slug":"beautiful-portfolios-for-exceptional-creatives","status":"publish","type":"page","link":"https:\/\/ny.argaladei.nu\/","title":{"rendered":"V\u00e4lkommen hit!"},"content":{"rendered":"\n<p>Argaladei \u00e4r en f\u00f6rening f\u00f6r natur- och friluftsintresserade som vill verka f\u00f6r ett resursbevarande samh\u00e4lle. Inom Argaladei ordnar vi aktiviteter som t.ex. sommarl\u00e4ger, hantverkstr\u00e4ffar och paddelf\u00e4rder. Alla medlemmar \u00e4r varmt v\u00e4lkomna att ordna och bjuda in till aktiviteter. Vi medlemmar skapar f\u00f6reningen tillsammans!<\/p>\n\n\n\n<p>Du kan kontakta&nbsp;oss p\u00e5 mejl:&nbsp;<a href=\"mailto:argaladei.nu@gmail.com\" target=\"_blank\" rel=\"noreferrer noopener\">argaladei.nu@gmail.com<\/a> <\/p>\n\n\n\n<p><strong>Tips!<\/strong>&nbsp;Massor med vackra bilder fr\u00e5n Argaladeis historia p\u00e5&nbsp;<a href=\"http:\/\/www.bengtakelundgren.com\/argaladeihistory\">www.bengtakelundgren.com\/argaladeihistory<\/a><\/p>\n\n\n\n<div style=\"height:55px\" aria-hidden=\"true\" class=\"wp-block-spacer\"><\/div>\n\n\n\n<h2 class=\"wp-block-heading\">Kommande aktiviteter:<\/h2>\n\n\n\n<ul>\n<li><a href=\"https:\/\/ny.argaladei.nu\/?page_id=614\">\u00c5rsm<\/a><a href=\"https:\/\/ny.argaladei.nu\/?page_id=613\">\u00f6te<\/a> 2026<\/li>\n\n\n\n<li><a href=\"https:\/\/ny.argaladei.nu\/?page_id=642\">Medlemstr\u00e4ff<\/a> i maj 2026<\/li>\n\n\n\n<li><a href=\"https:\/\/ny.argaladei.nu\/?page_id=614\">Sommarl\u00e4ger<\/a> 2026<\/li>\n<\/ul>\n\n\n\n<div class=\"wp-block-group alignfull has-background is-layout-flow wp-block-group-is-layout-flow\" style=\"background-color:#e5e9ec\"><div class=\"wp-block-group__inner-container\">\n<div class=\"wp-block-columns is-layout-flex wp-container-core-columns-layout-1 wp-block-columns-is-layout-flex\">\n<div class=\"wp-block-column is-vertically-aligned-center is-layout-flow wp-block-column-is-layout-flow\">\n<h2 class=\"wp-block-heading\">Om Argaladei<\/h2>\n\n\n\n<p>Argaladei \u00e4r en f\u00f6rening f\u00f6r natur- och friluftsintresserade som vill verka f\u00f6r ett resursbevarande samh\u00e4lle. Inom Argaladei ordnar vi aktiviteter som t.ex. sommarl\u00e4ger, hantverkstr\u00e4ffar och paddelf\u00e4rder. Alla medlemmar kan ordna och bjuda in till aktiviteter.<\/p>\n\n\n\n<div class=\"wp-block-buttons is-horizontal is-content-justification-left is-layout-flex wp-container-core-buttons-layout-1 wp-block-buttons-is-layout-flex\">\n<div class=\"wp-block-button is-style-outline\"><a class=\"wp-block-button__link wp-element-button\" href=\"https:\/\/ny.argaladei.nu\/?page_id=14\">Om Oss<\/a><\/div>\n<\/div>\n\n\n\n<p><\/p>\n<\/div>\n\n\n\n<div class=\"wp-block-column is-layout-flow wp-block-column-is-layout-flow\">\n<div style=\"height:48px\" aria-hidden=\"true\" class=\"wp-block-spacer\"><\/div>\n\n\n\n<figure class=\"wp-block-image size-large\"><img loading=\"lazy\" decoding=\"async\" width=\"1024\" height=\"768\" src=\"https:\/\/ny.argaladei.nu\/wp-content\/uploads\/2023\/09\/IMG_20190723_111637-1024x768.jpg\" alt=\"\" class=\"wp-image-56\" srcset=\"https:\/\/ny.argaladei.nu\/wp-content\/uploads\/2023\/09\/IMG_20190723_111637-1024x768.jpg 1024w, https:\/\/ny.argaladei.nu\/wp-content\/uploads\/2023\/09\/IMG_20190723_111637-300x225.jpg 300w, https:\/\/ny.argaladei.nu\/wp-content\/uploads\/2023\/09\/IMG_20190723_111637-768x576.jpg 768w, https:\/\/ny.argaladei.nu\/wp-content\/uploads\/2023\/09\/IMG_20190723_111637-1536x1152.jpg 1536w, https:\/\/ny.argaladei.nu\/wp-content\/uploads\/2023\/09\/IMG_20190723_111637-2048x1536.jpg 2048w, https:\/\/ny.argaladei.nu\/wp-content\/uploads\/2023\/09\/IMG_20190723_111637-2000x1500.jpg 2000w\" sizes=\"(max-width: 1024px) 100vw, 1024px\" \/><figcaption class=\"wp-element-caption\">sdr_soft<\/figcaption><\/figure>\n<\/div>\n<\/div>\n<\/div><\/div>\n\n\n\n<div class=\"wp-block-group alignfull has-black-background-color has-background is-layout-flow wp-block-group-is-layout-flow\"><div class=\"wp-block-group__inner-container\">\n<h2 class=\"wp-block-heading has-text-align-center has-white-color has-text-color\">Bildgalleri<\/h2>\n\n\n\n<figure class=\"wp-block-gallery aligncenter has-nested-images columns-default is-cropped wp-block-gallery-1 is-layout-flex wp-block-gallery-is-layout-flex\">\n<figure class=\"wp-block-image size-large\"><img loading=\"lazy\" decoding=\"async\" width=\"1024\" height=\"576\" src=\"https:\/\/ny.argaladei.nu\/wp-content\/uploads\/2024\/03\/Argaladei-sommarlager-Kornsjon-27-3-1024x576.jpg\" alt=\"\" class=\"wp-image-386\" srcset=\"https:\/\/ny.argaladei.nu\/wp-content\/uploads\/2024\/03\/Argaladei-sommarlager-Kornsjon-27-3-1024x576.jpg 1024w, https:\/\/ny.argaladei.nu\/wp-content\/uploads\/2024\/03\/Argaladei-sommarlager-Kornsjon-27-3-300x169.jpg 300w, https:\/\/ny.argaladei.nu\/wp-content\/uploads\/2024\/03\/Argaladei-sommarlager-Kornsjon-27-3-768x432.jpg 768w, https:\/\/ny.argaladei.nu\/wp-content\/uploads\/2024\/03\/Argaladei-sommarlager-Kornsjon-27-3-1536x864.jpg 1536w, https:\/\/ny.argaladei.nu\/wp-content\/uploads\/2024\/03\/Argaladei-sommarlager-Kornsjon-27-3-2048x1152.jpg 2048w, https:\/\/ny.argaladei.nu\/wp-content\/uploads\/2024\/03\/Argaladei-sommarlager-Kornsjon-27-3-2000x1125.jpg 2000w\" sizes=\"(max-width: 1024px) 100vw, 1024px\" \/><\/figure>\n\n\n\n<figure class=\"wp-block-image size-large\"><img loading=\"lazy\" decoding=\"async\" width=\"1024\" height=\"768\" src=\"https:\/\/ny.argaladei.nu\/wp-content\/uploads\/2023\/09\/IMG_20190723_111637-1024x768.jpg\" alt=\"\" class=\"wp-image-56\" srcset=\"https:\/\/ny.argaladei.nu\/wp-content\/uploads\/2023\/09\/IMG_20190723_111637-1024x768.jpg 1024w, https:\/\/ny.argaladei.nu\/wp-content\/uploads\/2023\/09\/IMG_20190723_111637-300x225.jpg 300w, https:\/\/ny.argaladei.nu\/wp-content\/uploads\/2023\/09\/IMG_20190723_111637-768x576.jpg 768w, https:\/\/ny.argaladei.nu\/wp-content\/uploads\/2023\/09\/IMG_20190723_111637-1536x1152.jpg 1536w, https:\/\/ny.argaladei.nu\/wp-content\/uploads\/2023\/09\/IMG_20190723_111637-2048x1536.jpg 2048w, https:\/\/ny.argaladei.nu\/wp-content\/uploads\/2023\/09\/IMG_20190723_111637-2000x1500.jpg 2000w\" sizes=\"(max-width: 1024px) 100vw, 1024px\" \/><\/figure>\n\n\n\n<figure class=\"wp-block-image size-large\"><img loading=\"lazy\" decoding=\"async\" width=\"1024\" height=\"614\" src=\"https:\/\/ny.argaladei.nu\/wp-content\/uploads\/2023\/09\/cropped-IMG_20190723_110649-scaled-1-1024x614.jpg\" alt=\"\" class=\"wp-image-26\" srcset=\"https:\/\/ny.argaladei.nu\/wp-content\/uploads\/2023\/09\/cropped-IMG_20190723_110649-scaled-1-1024x614.jpg 1024w, https:\/\/ny.argaladei.nu\/wp-content\/uploads\/2023\/09\/cropped-IMG_20190723_110649-scaled-1-300x180.jpg 300w, https:\/\/ny.argaladei.nu\/wp-content\/uploads\/2023\/09\/cropped-IMG_20190723_110649-scaled-1-768x460.jpg 768w, https:\/\/ny.argaladei.nu\/wp-content\/uploads\/2023\/09\/cropped-IMG_20190723_110649-scaled-1-1536x921.jpg 1536w, https:\/\/ny.argaladei.nu\/wp-content\/uploads\/2023\/09\/cropped-IMG_20190723_110649-scaled-1.jpg 2000w\" sizes=\"(max-width: 1024px) 100vw, 1024px\" \/><\/figure>\n\n\n\n<figure class=\"wp-block-image size-large\"><img loading=\"lazy\" decoding=\"async\" width=\"1024\" height=\"614\" src=\"https:\/\/ny.argaladei.nu\/wp-content\/uploads\/2023\/09\/cropped-IMG_20190725_222921-scaled-1-1024x614.jpg\" alt=\"\" class=\"wp-image-25\" srcset=\"https:\/\/ny.argaladei.nu\/wp-content\/uploads\/2023\/09\/cropped-IMG_20190725_222921-scaled-1-1024x614.jpg 1024w, https:\/\/ny.argaladei.nu\/wp-content\/uploads\/2023\/09\/cropped-IMG_20190725_222921-scaled-1-300x180.jpg 300w, https:\/\/ny.argaladei.nu\/wp-content\/uploads\/2023\/09\/cropped-IMG_20190725_222921-scaled-1-768x460.jpg 768w, https:\/\/ny.argaladei.nu\/wp-content\/uploads\/2023\/09\/cropped-IMG_20190725_222921-scaled-1-1536x921.jpg 1536w, https:\/\/ny.argaladei.nu\/wp-content\/uploads\/2023\/09\/cropped-IMG_20190725_222921-scaled-1.jpg 2000w\" sizes=\"(max-width: 1024px) 100vw, 1024px\" \/><\/figure>\n\n\n\n<figure class=\"wp-block-image size-large\"><img loading=\"lazy\" decoding=\"async\" width=\"1024\" height=\"576\" src=\"https:\/\/ny.argaladei.nu\/wp-content\/uploads\/2024\/03\/Argaladei-sommarlager-Kornsjon-35-2-1024x576.jpg\" alt=\"\" class=\"wp-image-387\" srcset=\"https:\/\/ny.argaladei.nu\/wp-content\/uploads\/2024\/03\/Argaladei-sommarlager-Kornsjon-35-2-1024x576.jpg 1024w, https:\/\/ny.argaladei.nu\/wp-content\/uploads\/2024\/03\/Argaladei-sommarlager-Kornsjon-35-2-300x169.jpg 300w, https:\/\/ny.argaladei.nu\/wp-content\/uploads\/2024\/03\/Argaladei-sommarlager-Kornsjon-35-2-768x432.jpg 768w, https:\/\/ny.argaladei.nu\/wp-content\/uploads\/2024\/03\/Argaladei-sommarlager-Kornsjon-35-2-1536x864.jpg 1536w, https:\/\/ny.argaladei.nu\/wp-content\/uploads\/2024\/03\/Argaladei-sommarlager-Kornsjon-35-2-2048x1152.jpg 2048w, https:\/\/ny.argaladei.nu\/wp-content\/uploads\/2024\/03\/Argaladei-sommarlager-Kornsjon-35-2-2000x1125.jpg 2000w\" sizes=\"(max-width: 1024px) 100vw, 1024px\" \/><\/figure>\n\n\n\n<figure class=\"wp-block-image size-large\"><img loading=\"lazy\" decoding=\"async\" width=\"1024\" height=\"614\" src=\"https:\/\/ny.argaladei.nu\/wp-content\/uploads\/2023\/09\/cropped-IMG_20190726_155025-scaled-1-1024x614.jpg\" alt=\"\" class=\"wp-image-24\" srcset=\"https:\/\/ny.argaladei.nu\/wp-content\/uploads\/2023\/09\/cropped-IMG_20190726_155025-scaled-1-1024x614.jpg 1024w, https:\/\/ny.argaladei.nu\/wp-content\/uploads\/2023\/09\/cropped-IMG_20190726_155025-scaled-1-300x180.jpg 300w, https:\/\/ny.argaladei.nu\/wp-content\/uploads\/2023\/09\/cropped-IMG_20190726_155025-scaled-1-768x460.jpg 768w, https:\/\/ny.argaladei.nu\/wp-content\/uploads\/2023\/09\/cropped-IMG_20190726_155025-scaled-1-1536x921.jpg 1536w, https:\/\/ny.argaladei.nu\/wp-content\/uploads\/2023\/09\/cropped-IMG_20190726_155025-scaled-1.jpg 2000w\" sizes=\"(max-width: 1024px) 100vw, 1024px\" \/><\/figure>\n<\/figure>\n<\/div><\/div>\n\n\n\n<p><\/p>\n","protected":false},"excerpt":{"rendered":"<p>Argaladei \u00e4r en f\u00f6rening f\u00f6r natur- och friluftsintresserade som vill verka f\u00f6r ett resursbevarande samh\u00e4lle. Inom Argaladei ordnar vi aktiviteter som t.ex. sommarl\u00e4ger, hantverkstr\u00e4ffar och paddelf\u00e4rder. Alla medlemmar \u00e4r varmt v\u00e4lkomna att ordna och bjuda in till aktiviteter. Vi medlemmar skapar f\u00f6reningen tillsammans! Du kan kontakta&nbsp;oss p\u00e5 mejl:&nbsp;argaladei.nu@gmail.com Tips!&nbsp;Massor med vackra bilder fr\u00e5n Argaladeis historia &hellip; <\/p>\n<p class=\"link-more\"><a href=\"https:\/\/ny.argaladei.nu\/\" class=\"more-link\">L\u00e4s mer<span class=\"screen-reader-text\"> \u201dV\u00e4lkommen hit!\u201d<\/span><\/a><\/p>\n","protected":false},"author":1,"featured_media":12,"parent":0,"menu_order":0,"comment_status":"closed","ping_status":"closed","template":"","meta":{"footnotes":""},"yoast_head":"<!-- This site is optimized with the Yoast SEO plugin v23.3 - https:\/\/yoast.com\/wordpress\/plugins\/seo\/ -->\n<title>V\u00e4lkommen hit! - Argaladei<\/title>\n<meta name=\"robots\" content=\"index, follow, max-snippet:-1, max-image-preview:large, max-video-preview:-1\" \/>\n<link rel=\"canonical\" href=\"https:\/\/ny.argaladei.nu\/\" \/>\n<meta property=\"og:locale\" content=\"sv_SE\" \/>\n<meta property=\"og:type\" content=\"article\" \/>\n<meta property=\"og:title\" content=\"V\u00e4lkommen hit! - Argaladei\" \/>\n<meta property=\"og:description\" content=\"Argaladei \u00e4r en f\u00f6rening f\u00f6r natur- och friluftsintresserade som vill verka f\u00f6r ett resursbevarande samh\u00e4lle. Inom Argaladei ordnar vi aktiviteter som t.ex. sommarl\u00e4ger, hantverkstr\u00e4ffar och paddelf\u00e4rder. Alla medlemmar \u00e4r varmt v\u00e4lkomna att ordna och bjuda in till aktiviteter. Vi medlemmar skapar f\u00f6reningen tillsammans! Du kan kontakta&nbsp;oss p\u00e5 mejl:&nbsp;argaladei.nu@gmail.com Tips!&nbsp;Massor med vackra bilder fr\u00e5n Argaladeis historia &hellip; L\u00e4s mer \u201dV\u00e4lkommen hit!\u201d\" \/>\n<meta property=\"og:url\" content=\"https:\/\/ny.argaladei.nu\/\" \/>\n<meta property=\"og:site_name\" content=\"Argaladei\" \/>\n<meta property=\"article:publisher\" content=\"https:\/\/www.facebook.com\/profile.php?id=100064881722220\" \/>\n<meta property=\"article:modified_time\" content=\"2026-02-15T10:32:30+00:00\" \/>\n<meta property=\"og:image\" content=\"https:\/\/ny.argaladei.nu\/wp-content\/uploads\/2023\/09\/StockSnap_M6D1GS9PSL-1.jpg\" \/>\n\t<meta property=\"og:image:width\" content=\"2000\" \/>\n\t<meta property=\"og:image:height\" content=\"1317\" \/>\n\t<meta property=\"og:image:type\" content=\"image\/jpeg\" \/>\n<meta name=\"twitter:card\" content=\"summary_large_image\" \/>\n<meta name=\"twitter:label1\" content=\"Ber\u00e4knad l\u00e4stid\" \/>\n\t<meta name=\"twitter:data1\" content=\"3 minuter\" \/>\n<script type=\"application\/ld+json\" class=\"yoast-schema-graph\">{\"@context\":\"https:\/\/schema.org\",\"@graph\":[{\"@type\":\"WebPage\",\"@id\":\"https:\/\/ny.argaladei.nu\/\",\"url\":\"https:\/\/ny.argaladei.nu\/\",\"name\":\"V\u00e4lkommen hit! - Argaladei\",\"isPartOf\":{\"@id\":\"https:\/\/ny.argaladei.nu\/#website\"},\"primaryImageOfPage\":{\"@id\":\"https:\/\/ny.argaladei.nu\/#primaryimage\"},\"image\":{\"@id\":\"https:\/\/ny.argaladei.nu\/#primaryimage\"},\"thumbnailUrl\":\"https:\/\/ny.argaladei.nu\/wp-content\/uploads\/2023\/09\/StockSnap_M6D1GS9PSL-1.jpg\",\"datePublished\":\"2023-09-29T16:17:50+00:00\",\"dateModified\":\"2026-02-15T10:32:30+00:00\",\"breadcrumb\":{\"@id\":\"https:\/\/ny.argaladei.nu\/#breadcrumb\"},\"inLanguage\":\"sv-SE\",\"potentialAction\":[{\"@type\":\"ReadAction\",\"target\":[\"https:\/\/ny.argaladei.nu\/\"]}]},{\"@type\":\"ImageObject\",\"inLanguage\":\"sv-SE\",\"@id\":\"https:\/\/ny.argaladei.nu\/#primaryimage\",\"url\":\"https:\/\/ny.argaladei.nu\/wp-content\/uploads\/2023\/09\/StockSnap_M6D1GS9PSL-1.jpg\",\"contentUrl\":\"https:\/\/ny.argaladei.nu\/wp-content\/uploads\/2023\/09\/StockSnap_M6D1GS9PSL-1.jpg\",\"width\":2000,\"height\":1317},{\"@type\":\"BreadcrumbList\",\"@id\":\"https:\/\/ny.argaladei.nu\/#breadcrumb\",\"itemListElement\":[{\"@type\":\"ListItem\",\"position\":1,\"name\":\"Home\",\"item\":\"https:\/\/ny.argaladei.nu\/\"},{\"@type\":\"ListItem\",\"position\":2,\"name\":\"V\u00e4lkommen hit!\"}]},{\"@type\":\"WebSite\",\"@id\":\"https:\/\/ny.argaladei.nu\/#website\",\"url\":\"https:\/\/ny.argaladei.nu\/\",\"name\":\"Argaladei\",\"description\":\"Friluftsliv - en livsstil\",\"publisher\":{\"@id\":\"https:\/\/ny.argaladei.nu\/#organization\"},\"potentialAction\":[{\"@type\":\"SearchAction\",\"target\":{\"@type\":\"EntryPoint\",\"urlTemplate\":\"https:\/\/ny.argaladei.nu\/?s={search_term_string}\"},\"query-input\":\"required name=search_term_string\"}],\"inLanguage\":\"sv-SE\"},{\"@type\":\"Organization\",\"@id\":\"https:\/\/ny.argaladei.nu\/#organization\",\"name\":\"Argaladei\",\"url\":\"https:\/\/ny.argaladei.nu\/\",\"logo\":{\"@type\":\"ImageObject\",\"inLanguage\":\"sv-SE\",\"@id\":\"https:\/\/ny.argaladei.nu\/#\/schema\/logo\/image\/\",\"url\":\"https:\/\/ny.argaladei.nu\/wp-content\/uploads\/2023\/09\/Argaladei_Logo.png\",\"contentUrl\":\"https:\/\/ny.argaladei.nu\/wp-content\/uploads\/2023\/09\/Argaladei_Logo.png\",\"width\":800,\"height\":778,\"caption\":\"Argaladei\"},\"image\":{\"@id\":\"https:\/\/ny.argaladei.nu\/#\/schema\/logo\/image\/\"},\"sameAs\":[\"https:\/\/www.facebook.com\/profile.php?id=100064881722220\"]}]}<\/script>\n<!-- \/ Yoast SEO plugin. -->","yoast_head_json":{"title":"V\u00e4lkommen hit! - Argaladei","robots":{"index":"index","follow":"follow","max-snippet":"max-snippet:-1","max-image-preview":"max-image-preview:large","max-video-preview":"max-video-preview:-1"},"canonical":"https:\/\/ny.argaladei.nu\/","og_locale":"sv_SE","og_type":"article","og_title":"V\u00e4lkommen hit! - Argaladei","og_description":"Argaladei \u00e4r en f\u00f6rening f\u00f6r natur- och friluftsintresserade som vill verka f\u00f6r ett resursbevarande samh\u00e4lle. Inom Argaladei ordnar vi aktiviteter som t.ex. sommarl\u00e4ger, hantverkstr\u00e4ffar och paddelf\u00e4rder. Alla medlemmar \u00e4r varmt v\u00e4lkomna att ordna och bjuda in till aktiviteter. Vi medlemmar skapar f\u00f6reningen tillsammans! Du kan kontakta&nbsp;oss p\u00e5 mejl:&nbsp;argaladei.nu@gmail.com Tips!&nbsp;Massor med vackra bilder fr\u00e5n Argaladeis historia &hellip; L\u00e4s mer \u201dV\u00e4lkommen hit!\u201d","og_url":"https:\/\/ny.argaladei.nu\/","og_site_name":"Argaladei","article_publisher":"https:\/\/www.facebook.com\/profile.php?id=100064881722220","article_modified_time":"2026-02-15T10:32:30+00:00","og_image":[{"width":2000,"height":1317,"url":"https:\/\/ny.argaladei.nu\/wp-content\/uploads\/2023\/09\/StockSnap_M6D1GS9PSL-1.jpg","type":"image\/jpeg"}],"twitter_card":"summary_large_image","twitter_misc":{"Ber\u00e4knad l\u00e4stid":"3 minuter"},"schema":{"@context":"https:\/\/schema.org","@graph":[{"@type":"WebPage","@id":"https:\/\/ny.argaladei.nu\/","url":"https:\/\/ny.argaladei.nu\/","name":"V\u00e4lkommen hit! - Argaladei","isPartOf":{"@id":"https:\/\/ny.argaladei.nu\/#website"},"primaryImageOfPage":{"@id":"https:\/\/ny.argaladei.nu\/#primaryimage"},"image":{"@id":"https:\/\/ny.argaladei.nu\/#primaryimage"},"thumbnailUrl":"https:\/\/ny.argaladei.nu\/wp-content\/uploads\/2023\/09\/StockSnap_M6D1GS9PSL-1.jpg","datePublished":"2023-09-29T16:17:50+00:00","dateModified":"2026-02-15T10:32:30+00:00","breadcrumb":{"@id":"https:\/\/ny.argaladei.nu\/#breadcrumb"},"inLanguage":"sv-SE","potentialAction":[{"@type":"ReadAction","target":["https:\/\/ny.argaladei.nu\/"]}]},{"@type":"ImageObject","inLanguage":"sv-SE","@id":"https:\/\/ny.argaladei.nu\/#primaryimage","url":"https:\/\/ny.argaladei.nu\/wp-content\/uploads\/2023\/09\/StockSnap_M6D1GS9PSL-1.jpg","contentUrl":"https:\/\/ny.argaladei.nu\/wp-content\/uploads\/2023\/09\/StockSnap_M6D1GS9PSL-1.jpg","width":2000,"height":1317},{"@type":"BreadcrumbList","@id":"https:\/\/ny.argaladei.nu\/#breadcrumb","itemListElement":[{"@type":"ListItem","position":1,"name":"Home","item":"https:\/\/ny.argaladei.nu\/"},{"@type":"ListItem","position":2,"name":"V\u00e4lkommen hit!"}]},{"@type":"WebSite","@id":"https:\/\/ny.argaladei.nu\/#website","url":"https:\/\/ny.argaladei.nu\/","name":"Argaladei","description":"Friluftsliv - en livsstil","publisher":{"@id":"https:\/\/ny.argaladei.nu\/#organization"},"potentialAction":[{"@type":"SearchAction","target":{"@type":"EntryPoint","urlTemplate":"https:\/\/ny.argaladei.nu\/?s={search_term_string}"},"query-input":"required name=search_term_string"}],"inLanguage":"sv-SE"},{"@type":"Organization","@id":"https:\/\/ny.argaladei.nu\/#organization","name":"Argaladei","url":"https:\/\/ny.argaladei.nu\/","logo":{"@type":"ImageObject","inLanguage":"sv-SE","@id":"https:\/\/ny.argaladei.nu\/#\/schema\/logo\/image\/","url":"https:\/\/ny.argaladei.nu\/wp-content\/uploads\/2023\/09\/Argaladei_Logo.png","contentUrl":"https:\/\/ny.argaladei.nu\/wp-content\/uploads\/2023\/09\/Argaladei_Logo.png","width":800,"height":778,"caption":"Argaladei"},"image":{"@id":"https:\/\/ny.argaladei.nu\/#\/schema\/logo\/image\/"},"sameAs":["https:\/\/www.facebook.com\/profile.php?id=100064881722220"]}]}},"_links":{"self":[{"href":"https:\/\/ny.argaladei.nu\/index.php?rest_route=\/wp\/v2\/pages\/13"}],"collection":[{"href":"https:\/\/ny.argaladei.nu\/index.php?rest_route=\/wp\/v2\/pages"}],"about":[{"href":"https:\/\/ny.argaladei.nu\/index.php?rest_route=\/wp\/v2\/types\/page"}],"author":[{"embeddable":true,"href":"https:\/\/ny.argaladei.nu\/index.php?rest_route=\/wp\/v2\/users\/1"}],"replies":[{"embeddable":true,"href":"https:\/\/ny.argaladei.nu\/index.php?rest_route=%2Fwp%2Fv2%2Fcomments&post=13"}],"version-history":[{"count":6,"href":"https:\/\/ny.argaladei.nu\/index.php?rest_route=\/wp\/v2\/pages\/13\/revisions"}],"predecessor-version":[{"id":661,"href":"https:\/\/ny.argaladei.nu\/index.php?rest_route=\/wp\/v2\/pages\/13\/revisions\/661"}],"wp:featuredmedia":[{"embeddable":true,"href":"https:\/\/ny.argaladei.nu\/index.php?rest_route=\/wp\/v2\/media\/12"}],"wp:attachment":[{"href":"https:\/\/ny.argaladei.nu\/index.php?rest_route=%2Fwp%2Fv2%2Fmedia&parent=13"}],"curies":[{"name":"wp","href":"https:\/\/api.w.org\/{rel}","templated":true}]}}