{"id":14,"date":"2023-09-29T18:17:50","date_gmt":"2023-09-29T16:17:50","guid":{"rendered":"https:\/\/ny.argaladei.nu\/?page_id=14"},"modified":"2026-03-01T19:45:24","modified_gmt":"2026-03-01T18:45:24","slug":"om","status":"publish","type":"page","link":"https:\/\/ny.argaladei.nu\/?page_id=14","title":{"rendered":"Om Argaladei"},"content":{"rendered":"\n<h6 class=\"wp-block-heading has-medium-font-size\" id=\"inspiro-is-a-digital-product-agency-that-focuses-on-strategy-and-design\" style=\"font-style:normal;font-weight:100\">Argaladei \u00e4r en f\u00f6rening f\u00f6r natur- och friluftsintresserade som vill verka f\u00f6r ett resursbevarande samh\u00e4lle. Inom Argaladei ordnar vi aktiviteter som t.ex. sommarl\u00e4ger, hantverkstr\u00e4ffar och paddelf\u00e4rder. Alla medlemmar kan ordna och bjuda in till aktiviteter.<\/h6>\n\n\n\n<div style=\"height:100px\" aria-hidden=\"true\" class=\"wp-block-spacer\"><\/div>\n\n\n\n<div class=\"wp-block-columns alignwide is-layout-flex wp-container-core-columns-layout-1 wp-block-columns-is-layout-flex\">\n<div class=\"wp-block-column is-layout-flow wp-block-column-is-layout-flow\">\n<figure class=\"wp-block-image size-large\"><img loading=\"lazy\" decoding=\"async\" width=\"1024\" height=\"768\" src=\"https:\/\/ny.argaladei.nu\/wp-content\/uploads\/2024\/02\/307-1024x768.jpg\" alt=\"\" class=\"wp-image-141\" srcset=\"https:\/\/ny.argaladei.nu\/wp-content\/uploads\/2024\/02\/307-1024x768.jpg 1024w, https:\/\/ny.argaladei.nu\/wp-content\/uploads\/2024\/02\/307-300x225.jpg 300w, https:\/\/ny.argaladei.nu\/wp-content\/uploads\/2024\/02\/307-768x576.jpg 768w, https:\/\/ny.argaladei.nu\/wp-content\/uploads\/2024\/02\/307-1536x1152.jpg 1536w, https:\/\/ny.argaladei.nu\/wp-content\/uploads\/2024\/02\/307-2048x1536.jpg 2048w, https:\/\/ny.argaladei.nu\/wp-content\/uploads\/2024\/02\/307-2000x1500.jpg 2000w\" sizes=\"(max-width: 1024px) 100vw, 1024px\" \/><\/figure>\n\n\n\n<p class=\"has-black-color has-text-color has-medium-font-size\">Styrelsen<\/p>\n\n\n\n<p>Styrelsen best\u00e5r av:<\/p>\n\n\n\n<p>Ordf\u00f6rande; Mats Ericsson<\/p>\n\n\n\n<p>Kass\u00f6r; Catharina Lindberg<\/p>\n\n\n\n<p>Sekreterare; Annika Wald\u00e9n <\/p>\n\n\n\n<p>Ordinarie ledam\u00f6ter; Mimmi Persson och David Egholt<\/p>\n\n\n\n<p>Suppleanter; Karin Wald\u00e9n Egholt, Maria K\u00e4rnbo och Karin Bengtsson.&nbsp;<\/p>\n\n\n\n<p>Revisorer; Tommy Ripmarken och Klas Sandell (nyval) samt revisorssuppleant Diana Nikljung.\u00a0<\/p>\n\n\n\n<p>Valberedning; Roger Felix, H\u00e5kan Johansson och Jan Myhlback.<\/p>\n<\/div>\n\n\n\n<div class=\"wp-block-column is-layout-flow wp-block-column-is-layout-flow\">\n<figure class=\"wp-block-image size-large is-resized\"><img loading=\"lazy\" decoding=\"async\" width=\"1024\" height=\"768\" src=\"https:\/\/ny.argaladei.nu\/wp-content\/uploads\/2023\/09\/IMG_20220813_114819-1024x768.jpg\" alt=\"\" class=\"wp-image-60\" style=\"width:441px;height:auto\" srcset=\"https:\/\/ny.argaladei.nu\/wp-content\/uploads\/2023\/09\/IMG_20220813_114819-1024x768.jpg 1024w, https:\/\/ny.argaladei.nu\/wp-content\/uploads\/2023\/09\/IMG_20220813_114819-300x225.jpg 300w, https:\/\/ny.argaladei.nu\/wp-content\/uploads\/2023\/09\/IMG_20220813_114819-768x576.jpg 768w, https:\/\/ny.argaladei.nu\/wp-content\/uploads\/2023\/09\/IMG_20220813_114819-1536x1152.jpg 1536w, https:\/\/ny.argaladei.nu\/wp-content\/uploads\/2023\/09\/IMG_20220813_114819-2048x1536.jpg 2048w, https:\/\/ny.argaladei.nu\/wp-content\/uploads\/2023\/09\/IMG_20220813_114819-2000x1500.jpg 2000w\" sizes=\"(max-width: 1024px) 100vw, 1024px\" \/><\/figure>\n\n\n\n<p class=\"has-black-color has-text-color has-medium-font-size\">V\u00e5r Filosofi<\/p>\n\n\n\n<p>Argaladei \u00e4r en f\u00f6rening som vill erbjuda v\u00e4gar till naturupplevelser och verka f\u00f6r ett resursbevarande samh\u00e4lle. Vi vill f\u00f6rmedla kunskap om naturen genom enkelt friluftsliv, kombinera naturintresse och kulturellt engagemang, samt bidra till en \u00f6kad social och politisk medvetenhet. Argaladei \u00e4r ett samarbetsforum f\u00f6r natur- och friluftsintresserade. F\u00f6reningen verkar f\u00f6r sin m\u00e5ls\u00e4ttning bl.a. genom att driva ett n\u00e4tverk p\u00e5 internet, d\u00e4r ocks\u00e5 icke-medlemmar kan ansluta sig. F\u00f6reningen \u00e4r religi\u00f6st och partipolitiskt obunden.<\/p>\n\n\n\n<p>Bengt \u00c5ke Lundgrens sida om Argaladeis historia.<br><a href=\"https:\/\/www.bengtakelundgren.com\/argaladeihistory\">https:\/\/www.bengtakelundgren.com\/argaladeihistory<\/a><\/p>\n\n\n\n<p><\/p>\n\n\n\n<p><\/p>\n\n\n\n<p><\/p>\n\n\n\n<p class=\"has-black-color has-text-color has-medium-font-size\"><\/p>\n<\/div>\n<\/div>\n\n\n\n<h3 class=\"wp-block-heading has-large-font-size\" id=\"inspiro-is-a-digital-product-agency-that-focuses-on-strategy-and-desig\" style=\"font-weight:300\"><a href=\"https:\/\/ny.argaladei.nu\/?page_id=309\">Argaladeis Stadgar<\/a><\/h3>\n","protected":false},"excerpt":{"rendered":"<p>Argaladei \u00e4r en f\u00f6rening f\u00f6r natur- och friluftsintresserade som vill verka f\u00f6r ett resursbevarande samh\u00e4lle. Inom Argaladei ordnar vi aktiviteter som t.ex. sommarl\u00e4ger, hantverkstr\u00e4ffar och paddelf\u00e4rder. Alla medlemmar kan ordna och bjuda in till aktiviteter. Styrelsen Styrelsen best\u00e5r av: Ordf\u00f6rande; Mats Ericsson Kass\u00f6r; Catharina Lindberg Sekreterare; Annika Wald\u00e9n Ordinarie ledam\u00f6ter; Mimmi Persson och David Egholt &hellip; <\/p>\n<p class=\"link-more\"><a href=\"https:\/\/ny.argaladei.nu\/?page_id=14\" class=\"more-link\">L\u00e4s mer<span class=\"screen-reader-text\"> \u201dOm Argaladei\u201d<\/span><\/a><\/p>\n","protected":false},"author":1,"featured_media":199,"parent":0,"menu_order":0,"comment_status":"closed","ping_status":"closed","template":"","meta":{"footnotes":""},"yoast_head":"<!-- This site is optimized with the Yoast SEO plugin v23.3 - https:\/\/yoast.com\/wordpress\/plugins\/seo\/ -->\n<title>Om Argaladei - Argaladei<\/title>\n<meta name=\"robots\" content=\"index, follow, max-snippet:-1, max-image-preview:large, max-video-preview:-1\" \/>\n<link rel=\"canonical\" href=\"https:\/\/ny.argaladei.nu\/?page_id=14\" \/>\n<meta property=\"og:locale\" content=\"sv_SE\" \/>\n<meta property=\"og:type\" content=\"article\" \/>\n<meta property=\"og:title\" content=\"Om Argaladei - Argaladei\" \/>\n<meta property=\"og:description\" content=\"Argaladei \u00e4r en f\u00f6rening f\u00f6r natur- och friluftsintresserade som vill verka f\u00f6r ett resursbevarande samh\u00e4lle. Inom Argaladei ordnar vi aktiviteter som t.ex. sommarl\u00e4ger, hantverkstr\u00e4ffar och paddelf\u00e4rder. Alla medlemmar kan ordna och bjuda in till aktiviteter. Styrelsen Styrelsen best\u00e5r av: Ordf\u00f6rande; Mats Ericsson Kass\u00f6r; Catharina Lindberg Sekreterare; Annika Wald\u00e9n Ordinarie ledam\u00f6ter; Mimmi Persson och David Egholt &hellip; L\u00e4s mer \u201dOm Argaladei\u201d\" \/>\n<meta property=\"og:url\" content=\"https:\/\/ny.argaladei.nu\/?page_id=14\" \/>\n<meta property=\"og:site_name\" content=\"Argaladei\" \/>\n<meta property=\"article:publisher\" content=\"https:\/\/www.facebook.com\/profile.php?id=100064881722220\" \/>\n<meta property=\"article:modified_time\" content=\"2026-03-01T18:45:24+00:00\" \/>\n<meta property=\"og:image\" content=\"https:\/\/ny.argaladei.nu\/wp-content\/uploads\/2024\/02\/023a-scaled.jpg\" \/>\n\t<meta property=\"og:image:width\" content=\"2560\" \/>\n\t<meta property=\"og:image:height\" content=\"1920\" \/>\n\t<meta property=\"og:image:type\" content=\"image\/jpeg\" \/>\n<meta name=\"twitter:card\" content=\"summary_large_image\" \/>\n<meta name=\"twitter:label1\" content=\"Ber\u00e4knad l\u00e4stid\" \/>\n\t<meta name=\"twitter:data1\" content=\"2 minuter\" \/>\n<script type=\"application\/ld+json\" class=\"yoast-schema-graph\">{\"@context\":\"https:\/\/schema.org\",\"@graph\":[{\"@type\":\"WebPage\",\"@id\":\"https:\/\/ny.argaladei.nu\/?page_id=14\",\"url\":\"https:\/\/ny.argaladei.nu\/?page_id=14\",\"name\":\"Om Argaladei - Argaladei\",\"isPartOf\":{\"@id\":\"https:\/\/ny.argaladei.nu\/#website\"},\"primaryImageOfPage\":{\"@id\":\"https:\/\/ny.argaladei.nu\/?page_id=14#primaryimage\"},\"image\":{\"@id\":\"https:\/\/ny.argaladei.nu\/?page_id=14#primaryimage\"},\"thumbnailUrl\":\"https:\/\/ny.argaladei.nu\/wp-content\/uploads\/2024\/02\/023a-scaled.jpg\",\"datePublished\":\"2023-09-29T16:17:50+00:00\",\"dateModified\":\"2026-03-01T18:45:24+00:00\",\"breadcrumb\":{\"@id\":\"https:\/\/ny.argaladei.nu\/?page_id=14#breadcrumb\"},\"inLanguage\":\"sv-SE\",\"potentialAction\":[{\"@type\":\"ReadAction\",\"target\":[\"https:\/\/ny.argaladei.nu\/?page_id=14\"]}]},{\"@type\":\"ImageObject\",\"inLanguage\":\"sv-SE\",\"@id\":\"https:\/\/ny.argaladei.nu\/?page_id=14#primaryimage\",\"url\":\"https:\/\/ny.argaladei.nu\/wp-content\/uploads\/2024\/02\/023a-scaled.jpg\",\"contentUrl\":\"https:\/\/ny.argaladei.nu\/wp-content\/uploads\/2024\/02\/023a-scaled.jpg\",\"width\":2560,\"height\":1920},{\"@type\":\"BreadcrumbList\",\"@id\":\"https:\/\/ny.argaladei.nu\/?page_id=14#breadcrumb\",\"itemListElement\":[{\"@type\":\"ListItem\",\"position\":1,\"name\":\"Home\",\"item\":\"https:\/\/ny.argaladei.nu\/\"},{\"@type\":\"ListItem\",\"position\":2,\"name\":\"Om Argaladei\"}]},{\"@type\":\"WebSite\",\"@id\":\"https:\/\/ny.argaladei.nu\/#website\",\"url\":\"https:\/\/ny.argaladei.nu\/\",\"name\":\"Argaladei\",\"description\":\"Friluftsliv - en livsstil\",\"publisher\":{\"@id\":\"https:\/\/ny.argaladei.nu\/#organization\"},\"potentialAction\":[{\"@type\":\"SearchAction\",\"target\":{\"@type\":\"EntryPoint\",\"urlTemplate\":\"https:\/\/ny.argaladei.nu\/?s={search_term_string}\"},\"query-input\":\"required name=search_term_string\"}],\"inLanguage\":\"sv-SE\"},{\"@type\":\"Organization\",\"@id\":\"https:\/\/ny.argaladei.nu\/#organization\",\"name\":\"Argaladei\",\"url\":\"https:\/\/ny.argaladei.nu\/\",\"logo\":{\"@type\":\"ImageObject\",\"inLanguage\":\"sv-SE\",\"@id\":\"https:\/\/ny.argaladei.nu\/#\/schema\/logo\/image\/\",\"url\":\"https:\/\/ny.argaladei.nu\/wp-content\/uploads\/2023\/09\/Argaladei_Logo.png\",\"contentUrl\":\"https:\/\/ny.argaladei.nu\/wp-content\/uploads\/2023\/09\/Argaladei_Logo.png\",\"width\":800,\"height\":778,\"caption\":\"Argaladei\"},\"image\":{\"@id\":\"https:\/\/ny.argaladei.nu\/#\/schema\/logo\/image\/\"},\"sameAs\":[\"https:\/\/www.facebook.com\/profile.php?id=100064881722220\"]}]}<\/script>\n<!-- \/ Yoast SEO plugin. -->","yoast_head_json":{"title":"Om Argaladei - Argaladei","robots":{"index":"index","follow":"follow","max-snippet":"max-snippet:-1","max-image-preview":"max-image-preview:large","max-video-preview":"max-video-preview:-1"},"canonical":"https:\/\/ny.argaladei.nu\/?page_id=14","og_locale":"sv_SE","og_type":"article","og_title":"Om Argaladei - Argaladei","og_description":"Argaladei \u00e4r en f\u00f6rening f\u00f6r natur- och friluftsintresserade som vill verka f\u00f6r ett resursbevarande samh\u00e4lle. Inom Argaladei ordnar vi aktiviteter som t.ex. sommarl\u00e4ger, hantverkstr\u00e4ffar och paddelf\u00e4rder. Alla medlemmar kan ordna och bjuda in till aktiviteter. Styrelsen Styrelsen best\u00e5r av: Ordf\u00f6rande; Mats Ericsson Kass\u00f6r; Catharina Lindberg Sekreterare; Annika Wald\u00e9n Ordinarie ledam\u00f6ter; Mimmi Persson och David Egholt &hellip; L\u00e4s mer \u201dOm Argaladei\u201d","og_url":"https:\/\/ny.argaladei.nu\/?page_id=14","og_site_name":"Argaladei","article_publisher":"https:\/\/www.facebook.com\/profile.php?id=100064881722220","article_modified_time":"2026-03-01T18:45:24+00:00","og_image":[{"width":2560,"height":1920,"url":"https:\/\/ny.argaladei.nu\/wp-content\/uploads\/2024\/02\/023a-scaled.jpg","type":"image\/jpeg"}],"twitter_card":"summary_large_image","twitter_misc":{"Ber\u00e4knad l\u00e4stid":"2 minuter"},"schema":{"@context":"https:\/\/schema.org","@graph":[{"@type":"WebPage","@id":"https:\/\/ny.argaladei.nu\/?page_id=14","url":"https:\/\/ny.argaladei.nu\/?page_id=14","name":"Om Argaladei - Argaladei","isPartOf":{"@id":"https:\/\/ny.argaladei.nu\/#website"},"primaryImageOfPage":{"@id":"https:\/\/ny.argaladei.nu\/?page_id=14#primaryimage"},"image":{"@id":"https:\/\/ny.argaladei.nu\/?page_id=14#primaryimage"},"thumbnailUrl":"https:\/\/ny.argaladei.nu\/wp-content\/uploads\/2024\/02\/023a-scaled.jpg","datePublished":"2023-09-29T16:17:50+00:00","dateModified":"2026-03-01T18:45:24+00:00","breadcrumb":{"@id":"https:\/\/ny.argaladei.nu\/?page_id=14#breadcrumb"},"inLanguage":"sv-SE","potentialAction":[{"@type":"ReadAction","target":["https:\/\/ny.argaladei.nu\/?page_id=14"]}]},{"@type":"ImageObject","inLanguage":"sv-SE","@id":"https:\/\/ny.argaladei.nu\/?page_id=14#primaryimage","url":"https:\/\/ny.argaladei.nu\/wp-content\/uploads\/2024\/02\/023a-scaled.jpg","contentUrl":"https:\/\/ny.argaladei.nu\/wp-content\/uploads\/2024\/02\/023a-scaled.jpg","width":2560,"height":1920},{"@type":"BreadcrumbList","@id":"https:\/\/ny.argaladei.nu\/?page_id=14#breadcrumb","itemListElement":[{"@type":"ListItem","position":1,"name":"Home","item":"https:\/\/ny.argaladei.nu\/"},{"@type":"ListItem","position":2,"name":"Om Argaladei"}]},{"@type":"WebSite","@id":"https:\/\/ny.argaladei.nu\/#website","url":"https:\/\/ny.argaladei.nu\/","name":"Argaladei","description":"Friluftsliv - en livsstil","publisher":{"@id":"https:\/\/ny.argaladei.nu\/#organization"},"potentialAction":[{"@type":"SearchAction","target":{"@type":"EntryPoint","urlTemplate":"https:\/\/ny.argaladei.nu\/?s={search_term_string}"},"query-input":"required name=search_term_string"}],"inLanguage":"sv-SE"},{"@type":"Organization","@id":"https:\/\/ny.argaladei.nu\/#organization","name":"Argaladei","url":"https:\/\/ny.argaladei.nu\/","logo":{"@type":"ImageObject","inLanguage":"sv-SE","@id":"https:\/\/ny.argaladei.nu\/#\/schema\/logo\/image\/","url":"https:\/\/ny.argaladei.nu\/wp-content\/uploads\/2023\/09\/Argaladei_Logo.png","contentUrl":"https:\/\/ny.argaladei.nu\/wp-content\/uploads\/2023\/09\/Argaladei_Logo.png","width":800,"height":778,"caption":"Argaladei"},"image":{"@id":"https:\/\/ny.argaladei.nu\/#\/schema\/logo\/image\/"},"sameAs":["https:\/\/www.facebook.com\/profile.php?id=100064881722220"]}]}},"_links":{"self":[{"href":"https:\/\/ny.argaladei.nu\/index.php?rest_route=\/wp\/v2\/pages\/14"}],"collection":[{"href":"https:\/\/ny.argaladei.nu\/index.php?rest_route=\/wp\/v2\/pages"}],"about":[{"href":"https:\/\/ny.argaladei.nu\/index.php?rest_route=\/wp\/v2\/types\/page"}],"author":[{"embeddable":true,"href":"https:\/\/ny.argaladei.nu\/index.php?rest_route=\/wp\/v2\/users\/1"}],"replies":[{"embeddable":true,"href":"https:\/\/ny.argaladei.nu\/index.php?rest_route=%2Fwp%2Fv2%2Fcomments&post=14"}],"version-history":[{"count":6,"href":"https:\/\/ny.argaladei.nu\/index.php?rest_route=\/wp\/v2\/pages\/14\/revisions"}],"predecessor-version":[{"id":736,"href":"https:\/\/ny.argaladei.nu\/index.php?rest_route=\/wp\/v2\/pages\/14\/revisions\/736"}],"wp:featuredmedia":[{"embeddable":true,"href":"https:\/\/ny.argaladei.nu\/index.php?rest_route=\/wp\/v2\/media\/199"}],"wp:attachment":[{"href":"https:\/\/ny.argaladei.nu\/index.php?rest_route=%2Fwp%2Fv2%2Fmedia&parent=14"}],"curies":[{"name":"wp","href":"https:\/\/api.w.org\/{rel}","templated":true}]}}