{"id":271,"date":"2024-02-20T11:06:26","date_gmt":"2024-02-20T10:06:26","guid":{"rendered":"https:\/\/ny.argaladei.nu\/?page_id=271"},"modified":"2024-02-20T11:06:27","modified_gmt":"2024-02-20T10:06:27","slug":"artikelregister","status":"publish","type":"page","link":"https:\/\/ny.argaladei.nu\/?page_id=271","title":{"rendered":"Artikelregister"},"content":{"rendered":"\n<h4 class=\"wp-block-heading\">Information<\/h4>\n\n\n\n<p>Registret beskriver tidskriftens inneh\u00e5ll \u00e5r f\u00f6r \u00e5r och nummer f\u00f6r nummer sedan starten 1976 fram till sista numret 2004. Under rubriken &#8221;kommentar&#8221; beskrivs vad artikeln handlar om under f\u00f6ruts\u00e4ttning att detta inte framkommer av artikelns titel.<\/p>\n\n\n\n<h4 class=\"wp-block-heading\">Att s\u00f6ka bland artiklarna<\/h4>\n\n\n\n<p>Anv\u00e4nd din webbl\u00e4sares s\u00f6kfunktion &#8221;s\u00f6k p\u00e5 den h\u00e4r sidan&#8221;, om du letar efter en speciell f\u00f6rfattare, eller n\u00e5got speciellt \u00e4mne.<\/p>\n\n\n\n<h4 class=\"wp-block-heading\"><\/h4>\n","protected":false},"excerpt":{"rendered":"<p>Information Registret beskriver tidskriftens inneh\u00e5ll \u00e5r f\u00f6r \u00e5r och nummer f\u00f6r nummer sedan starten 1976 fram till sista numret 2004. Under rubriken &#8221;kommentar&#8221; beskrivs vad artikeln handlar om under f\u00f6ruts\u00e4ttning att detta inte framkommer av artikelns titel. Att s\u00f6ka bland artiklarna Anv\u00e4nd din webbl\u00e4sares s\u00f6kfunktion &#8221;s\u00f6k p\u00e5 den h\u00e4r sidan&#8221;, om du letar efter en &hellip; <\/p>\n<p class=\"link-more\"><a href=\"https:\/\/ny.argaladei.nu\/?page_id=271\" class=\"more-link\">L\u00e4s mer<span class=\"screen-reader-text\"> \u201dArtikelregister\u201d<\/span><\/a><\/p>\n","protected":false},"author":5,"featured_media":0,"parent":0,"menu_order":0,"comment_status":"closed","ping_status":"closed","template":"","meta":{"footnotes":""},"yoast_head":"<!-- This site is optimized with the Yoast SEO plugin v23.3 - https:\/\/yoast.com\/wordpress\/plugins\/seo\/ -->\n<title>Artikelregister - Argaladei<\/title>\n<meta name=\"robots\" content=\"index, follow, max-snippet:-1, max-image-preview:large, max-video-preview:-1\" \/>\n<link rel=\"canonical\" href=\"https:\/\/ny.argaladei.nu\/?page_id=271\" \/>\n<meta property=\"og:locale\" content=\"sv_SE\" \/>\n<meta property=\"og:type\" content=\"article\" \/>\n<meta property=\"og:title\" content=\"Artikelregister - Argaladei\" \/>\n<meta property=\"og:description\" content=\"Information Registret beskriver tidskriftens inneh\u00e5ll \u00e5r f\u00f6r \u00e5r och nummer f\u00f6r nummer sedan starten 1976 fram till sista numret 2004. Under rubriken &#8221;kommentar&#8221; beskrivs vad artikeln handlar om under f\u00f6ruts\u00e4ttning att detta inte framkommer av artikelns titel. Att s\u00f6ka bland artiklarna Anv\u00e4nd din webbl\u00e4sares s\u00f6kfunktion &#8221;s\u00f6k p\u00e5 den h\u00e4r sidan&#8221;, om du letar efter en &hellip; L\u00e4s mer \u201dArtikelregister\u201d\" \/>\n<meta property=\"og:url\" content=\"https:\/\/ny.argaladei.nu\/?page_id=271\" \/>\n<meta property=\"og:site_name\" content=\"Argaladei\" \/>\n<meta property=\"article:publisher\" content=\"https:\/\/www.facebook.com\/profile.php?id=100064881722220\" \/>\n<meta property=\"article:modified_time\" content=\"2024-02-20T10:06:27+00:00\" \/>\n<meta name=\"twitter:card\" content=\"summary_large_image\" \/>\n<meta name=\"twitter:label1\" content=\"Ber\u00e4knad l\u00e4stid\" \/>\n\t<meta name=\"twitter:data1\" content=\"1 minut\" \/>\n<script type=\"application\/ld+json\" class=\"yoast-schema-graph\">{\"@context\":\"https:\/\/schema.org\",\"@graph\":[{\"@type\":\"WebPage\",\"@id\":\"https:\/\/ny.argaladei.nu\/?page_id=271\",\"url\":\"https:\/\/ny.argaladei.nu\/?page_id=271\",\"name\":\"Artikelregister - Argaladei\",\"isPartOf\":{\"@id\":\"https:\/\/ny.argaladei.nu\/#website\"},\"datePublished\":\"2024-02-20T10:06:26+00:00\",\"dateModified\":\"2024-02-20T10:06:27+00:00\",\"breadcrumb\":{\"@id\":\"https:\/\/ny.argaladei.nu\/?page_id=271#breadcrumb\"},\"inLanguage\":\"sv-SE\",\"potentialAction\":[{\"@type\":\"ReadAction\",\"target\":[\"https:\/\/ny.argaladei.nu\/?page_id=271\"]}]},{\"@type\":\"BreadcrumbList\",\"@id\":\"https:\/\/ny.argaladei.nu\/?page_id=271#breadcrumb\",\"itemListElement\":[{\"@type\":\"ListItem\",\"position\":1,\"name\":\"Home\",\"item\":\"https:\/\/ny.argaladei.nu\/\"},{\"@type\":\"ListItem\",\"position\":2,\"name\":\"Artikelregister\"}]},{\"@type\":\"WebSite\",\"@id\":\"https:\/\/ny.argaladei.nu\/#website\",\"url\":\"https:\/\/ny.argaladei.nu\/\",\"name\":\"Argaladei\",\"description\":\"Friluftsliv - en livsstil\",\"publisher\":{\"@id\":\"https:\/\/ny.argaladei.nu\/#organization\"},\"potentialAction\":[{\"@type\":\"SearchAction\",\"target\":{\"@type\":\"EntryPoint\",\"urlTemplate\":\"https:\/\/ny.argaladei.nu\/?s={search_term_string}\"},\"query-input\":\"required name=search_term_string\"}],\"inLanguage\":\"sv-SE\"},{\"@type\":\"Organization\",\"@id\":\"https:\/\/ny.argaladei.nu\/#organization\",\"name\":\"Argaladei\",\"url\":\"https:\/\/ny.argaladei.nu\/\",\"logo\":{\"@type\":\"ImageObject\",\"inLanguage\":\"sv-SE\",\"@id\":\"https:\/\/ny.argaladei.nu\/#\/schema\/logo\/image\/\",\"url\":\"https:\/\/ny.argaladei.nu\/wp-content\/uploads\/2023\/09\/Argaladei_Logo.png\",\"contentUrl\":\"https:\/\/ny.argaladei.nu\/wp-content\/uploads\/2023\/09\/Argaladei_Logo.png\",\"width\":800,\"height\":778,\"caption\":\"Argaladei\"},\"image\":{\"@id\":\"https:\/\/ny.argaladei.nu\/#\/schema\/logo\/image\/\"},\"sameAs\":[\"https:\/\/www.facebook.com\/profile.php?id=100064881722220\"]}]}<\/script>\n<!-- \/ Yoast SEO plugin. -->","yoast_head_json":{"title":"Artikelregister - Argaladei","robots":{"index":"index","follow":"follow","max-snippet":"max-snippet:-1","max-image-preview":"max-image-preview:large","max-video-preview":"max-video-preview:-1"},"canonical":"https:\/\/ny.argaladei.nu\/?page_id=271","og_locale":"sv_SE","og_type":"article","og_title":"Artikelregister - Argaladei","og_description":"Information Registret beskriver tidskriftens inneh\u00e5ll \u00e5r f\u00f6r \u00e5r och nummer f\u00f6r nummer sedan starten 1976 fram till sista numret 2004. Under rubriken &#8221;kommentar&#8221; beskrivs vad artikeln handlar om under f\u00f6ruts\u00e4ttning att detta inte framkommer av artikelns titel. Att s\u00f6ka bland artiklarna Anv\u00e4nd din webbl\u00e4sares s\u00f6kfunktion &#8221;s\u00f6k p\u00e5 den h\u00e4r sidan&#8221;, om du letar efter en &hellip; L\u00e4s mer \u201dArtikelregister\u201d","og_url":"https:\/\/ny.argaladei.nu\/?page_id=271","og_site_name":"Argaladei","article_publisher":"https:\/\/www.facebook.com\/profile.php?id=100064881722220","article_modified_time":"2024-02-20T10:06:27+00:00","twitter_card":"summary_large_image","twitter_misc":{"Ber\u00e4knad l\u00e4stid":"1 minut"},"schema":{"@context":"https:\/\/schema.org","@graph":[{"@type":"WebPage","@id":"https:\/\/ny.argaladei.nu\/?page_id=271","url":"https:\/\/ny.argaladei.nu\/?page_id=271","name":"Artikelregister - Argaladei","isPartOf":{"@id":"https:\/\/ny.argaladei.nu\/#website"},"datePublished":"2024-02-20T10:06:26+00:00","dateModified":"2024-02-20T10:06:27+00:00","breadcrumb":{"@id":"https:\/\/ny.argaladei.nu\/?page_id=271#breadcrumb"},"inLanguage":"sv-SE","potentialAction":[{"@type":"ReadAction","target":["https:\/\/ny.argaladei.nu\/?page_id=271"]}]},{"@type":"BreadcrumbList","@id":"https:\/\/ny.argaladei.nu\/?page_id=271#breadcrumb","itemListElement":[{"@type":"ListItem","position":1,"name":"Home","item":"https:\/\/ny.argaladei.nu\/"},{"@type":"ListItem","position":2,"name":"Artikelregister"}]},{"@type":"WebSite","@id":"https:\/\/ny.argaladei.nu\/#website","url":"https:\/\/ny.argaladei.nu\/","name":"Argaladei","description":"Friluftsliv - en livsstil","publisher":{"@id":"https:\/\/ny.argaladei.nu\/#organization"},"potentialAction":[{"@type":"SearchAction","target":{"@type":"EntryPoint","urlTemplate":"https:\/\/ny.argaladei.nu\/?s={search_term_string}"},"query-input":"required name=search_term_string"}],"inLanguage":"sv-SE"},{"@type":"Organization","@id":"https:\/\/ny.argaladei.nu\/#organization","name":"Argaladei","url":"https:\/\/ny.argaladei.nu\/","logo":{"@type":"ImageObject","inLanguage":"sv-SE","@id":"https:\/\/ny.argaladei.nu\/#\/schema\/logo\/image\/","url":"https:\/\/ny.argaladei.nu\/wp-content\/uploads\/2023\/09\/Argaladei_Logo.png","contentUrl":"https:\/\/ny.argaladei.nu\/wp-content\/uploads\/2023\/09\/Argaladei_Logo.png","width":800,"height":778,"caption":"Argaladei"},"image":{"@id":"https:\/\/ny.argaladei.nu\/#\/schema\/logo\/image\/"},"sameAs":["https:\/\/www.facebook.com\/profile.php?id=100064881722220"]}]}},"_links":{"self":[{"href":"https:\/\/ny.argaladei.nu\/index.php?rest_route=\/wp\/v2\/pages\/271"}],"collection":[{"href":"https:\/\/ny.argaladei.nu\/index.php?rest_route=\/wp\/v2\/pages"}],"about":[{"href":"https:\/\/ny.argaladei.nu\/index.php?rest_route=\/wp\/v2\/types\/page"}],"author":[{"embeddable":true,"href":"https:\/\/ny.argaladei.nu\/index.php?rest_route=\/wp\/v2\/users\/5"}],"replies":[{"embeddable":true,"href":"https:\/\/ny.argaladei.nu\/index.php?rest_route=%2Fwp%2Fv2%2Fcomments&post=271"}],"version-history":[{"count":1,"href":"https:\/\/ny.argaladei.nu\/index.php?rest_route=\/wp\/v2\/pages\/271\/revisions"}],"predecessor-version":[{"id":272,"href":"https:\/\/ny.argaladei.nu\/index.php?rest_route=\/wp\/v2\/pages\/271\/revisions\/272"}],"wp:attachment":[{"href":"https:\/\/ny.argaladei.nu\/index.php?rest_route=%2Fwp%2Fv2%2Fmedia&parent=271"}],"curies":[{"name":"wp","href":"https:\/\/api.w.org\/{rel}","templated":true}]}}