{"id":277,"date":"2024-02-20T11:13:15","date_gmt":"2024-02-20T10:13:15","guid":{"rendered":"https:\/\/ny.argaladei.nu\/?page_id=277"},"modified":"2024-02-20T11:16:13","modified_gmt":"2024-02-20T10:16:13","slug":"artiklar-att-lasa","status":"publish","type":"page","link":"https:\/\/ny.argaladei.nu\/?page_id=277","title":{"rendered":"Artiklar att l\u00e4sa"},"content":{"rendered":"\n<p>H\u00e4r kan du hitta och l\u00e4sa alla artiklar fr\u00e5n den tryckta tidskriften som \u00e5terpublicerats h\u00e4r p\u00e5 Argaladeis hemsida. I\u00a0<a href=\"http:\/\/www.argaladei.nu\/gamla\/index.html%3Fsida=tidskrift_arkiv_register.html\">artikelregistret<\/a>\u00a0finns en lista p\u00e5 alla artiklar i Argaladeis samtliga tryckta nummer sedan starten 1976 fram till sista numret 2004.<\/p>\n","protected":false},"excerpt":{"rendered":"<p>H\u00e4r kan du hitta och l\u00e4sa alla artiklar fr\u00e5n den tryckta tidskriften som \u00e5terpublicerats h\u00e4r p\u00e5 Argaladeis hemsida. I\u00a0artikelregistret\u00a0finns en lista p\u00e5 alla artiklar i Argaladeis samtliga tryckta nummer sedan starten 1976 fram till sista numret 2004.<\/p>\n","protected":false},"author":5,"featured_media":0,"parent":0,"menu_order":0,"comment_status":"closed","ping_status":"closed","template":"","meta":{"footnotes":""},"yoast_head":"<!-- This site is optimized with the Yoast SEO plugin v23.3 - https:\/\/yoast.com\/wordpress\/plugins\/seo\/ -->\n<title>Artiklar att l\u00e4sa - Argaladei<\/title>\n<meta name=\"robots\" content=\"index, follow, max-snippet:-1, max-image-preview:large, max-video-preview:-1\" \/>\n<link rel=\"canonical\" href=\"https:\/\/ny.argaladei.nu\/?page_id=277\" \/>\n<meta property=\"og:locale\" content=\"sv_SE\" \/>\n<meta property=\"og:type\" content=\"article\" \/>\n<meta property=\"og:title\" content=\"Artiklar att l\u00e4sa - Argaladei\" \/>\n<meta property=\"og:description\" content=\"H\u00e4r kan du hitta och l\u00e4sa alla artiklar fr\u00e5n den tryckta tidskriften som \u00e5terpublicerats h\u00e4r p\u00e5 Argaladeis hemsida. I\u00a0artikelregistret\u00a0finns en lista p\u00e5 alla artiklar i Argaladeis samtliga tryckta nummer sedan starten 1976 fram till sista numret 2004.\" \/>\n<meta property=\"og:url\" content=\"https:\/\/ny.argaladei.nu\/?page_id=277\" \/>\n<meta property=\"og:site_name\" content=\"Argaladei\" \/>\n<meta property=\"article:publisher\" content=\"https:\/\/www.facebook.com\/profile.php?id=100064881722220\" \/>\n<meta property=\"article:modified_time\" content=\"2024-02-20T10:16:13+00:00\" \/>\n<meta name=\"twitter:card\" content=\"summary_large_image\" \/>\n<meta name=\"twitter:label1\" content=\"Ber\u00e4knad l\u00e4stid\" \/>\n\t<meta name=\"twitter:data1\" content=\"1 minut\" \/>\n<script type=\"application\/ld+json\" class=\"yoast-schema-graph\">{\"@context\":\"https:\/\/schema.org\",\"@graph\":[{\"@type\":\"WebPage\",\"@id\":\"https:\/\/ny.argaladei.nu\/?page_id=277\",\"url\":\"https:\/\/ny.argaladei.nu\/?page_id=277\",\"name\":\"Artiklar att l\u00e4sa - Argaladei\",\"isPartOf\":{\"@id\":\"https:\/\/ny.argaladei.nu\/#website\"},\"datePublished\":\"2024-02-20T10:13:15+00:00\",\"dateModified\":\"2024-02-20T10:16:13+00:00\",\"breadcrumb\":{\"@id\":\"https:\/\/ny.argaladei.nu\/?page_id=277#breadcrumb\"},\"inLanguage\":\"sv-SE\",\"potentialAction\":[{\"@type\":\"ReadAction\",\"target\":[\"https:\/\/ny.argaladei.nu\/?page_id=277\"]}]},{\"@type\":\"BreadcrumbList\",\"@id\":\"https:\/\/ny.argaladei.nu\/?page_id=277#breadcrumb\",\"itemListElement\":[{\"@type\":\"ListItem\",\"position\":1,\"name\":\"Home\",\"item\":\"https:\/\/ny.argaladei.nu\/\"},{\"@type\":\"ListItem\",\"position\":2,\"name\":\"Artiklar att l\u00e4sa\"}]},{\"@type\":\"WebSite\",\"@id\":\"https:\/\/ny.argaladei.nu\/#website\",\"url\":\"https:\/\/ny.argaladei.nu\/\",\"name\":\"Argaladei\",\"description\":\"Friluftsliv - en livsstil\",\"publisher\":{\"@id\":\"https:\/\/ny.argaladei.nu\/#organization\"},\"potentialAction\":[{\"@type\":\"SearchAction\",\"target\":{\"@type\":\"EntryPoint\",\"urlTemplate\":\"https:\/\/ny.argaladei.nu\/?s={search_term_string}\"},\"query-input\":\"required name=search_term_string\"}],\"inLanguage\":\"sv-SE\"},{\"@type\":\"Organization\",\"@id\":\"https:\/\/ny.argaladei.nu\/#organization\",\"name\":\"Argaladei\",\"url\":\"https:\/\/ny.argaladei.nu\/\",\"logo\":{\"@type\":\"ImageObject\",\"inLanguage\":\"sv-SE\",\"@id\":\"https:\/\/ny.argaladei.nu\/#\/schema\/logo\/image\/\",\"url\":\"https:\/\/ny.argaladei.nu\/wp-content\/uploads\/2023\/09\/Argaladei_Logo.png\",\"contentUrl\":\"https:\/\/ny.argaladei.nu\/wp-content\/uploads\/2023\/09\/Argaladei_Logo.png\",\"width\":800,\"height\":778,\"caption\":\"Argaladei\"},\"image\":{\"@id\":\"https:\/\/ny.argaladei.nu\/#\/schema\/logo\/image\/\"},\"sameAs\":[\"https:\/\/www.facebook.com\/profile.php?id=100064881722220\"]}]}<\/script>\n<!-- \/ Yoast SEO plugin. -->","yoast_head_json":{"title":"Artiklar att l\u00e4sa - Argaladei","robots":{"index":"index","follow":"follow","max-snippet":"max-snippet:-1","max-image-preview":"max-image-preview:large","max-video-preview":"max-video-preview:-1"},"canonical":"https:\/\/ny.argaladei.nu\/?page_id=277","og_locale":"sv_SE","og_type":"article","og_title":"Artiklar att l\u00e4sa - Argaladei","og_description":"H\u00e4r kan du hitta och l\u00e4sa alla artiklar fr\u00e5n den tryckta tidskriften som \u00e5terpublicerats h\u00e4r p\u00e5 Argaladeis hemsida. I\u00a0artikelregistret\u00a0finns en lista p\u00e5 alla artiklar i Argaladeis samtliga tryckta nummer sedan starten 1976 fram till sista numret 2004.","og_url":"https:\/\/ny.argaladei.nu\/?page_id=277","og_site_name":"Argaladei","article_publisher":"https:\/\/www.facebook.com\/profile.php?id=100064881722220","article_modified_time":"2024-02-20T10:16:13+00:00","twitter_card":"summary_large_image","twitter_misc":{"Ber\u00e4knad l\u00e4stid":"1 minut"},"schema":{"@context":"https:\/\/schema.org","@graph":[{"@type":"WebPage","@id":"https:\/\/ny.argaladei.nu\/?page_id=277","url":"https:\/\/ny.argaladei.nu\/?page_id=277","name":"Artiklar att l\u00e4sa - Argaladei","isPartOf":{"@id":"https:\/\/ny.argaladei.nu\/#website"},"datePublished":"2024-02-20T10:13:15+00:00","dateModified":"2024-02-20T10:16:13+00:00","breadcrumb":{"@id":"https:\/\/ny.argaladei.nu\/?page_id=277#breadcrumb"},"inLanguage":"sv-SE","potentialAction":[{"@type":"ReadAction","target":["https:\/\/ny.argaladei.nu\/?page_id=277"]}]},{"@type":"BreadcrumbList","@id":"https:\/\/ny.argaladei.nu\/?page_id=277#breadcrumb","itemListElement":[{"@type":"ListItem","position":1,"name":"Home","item":"https:\/\/ny.argaladei.nu\/"},{"@type":"ListItem","position":2,"name":"Artiklar att l\u00e4sa"}]},{"@type":"WebSite","@id":"https:\/\/ny.argaladei.nu\/#website","url":"https:\/\/ny.argaladei.nu\/","name":"Argaladei","description":"Friluftsliv - en livsstil","publisher":{"@id":"https:\/\/ny.argaladei.nu\/#organization"},"potentialAction":[{"@type":"SearchAction","target":{"@type":"EntryPoint","urlTemplate":"https:\/\/ny.argaladei.nu\/?s={search_term_string}"},"query-input":"required name=search_term_string"}],"inLanguage":"sv-SE"},{"@type":"Organization","@id":"https:\/\/ny.argaladei.nu\/#organization","name":"Argaladei","url":"https:\/\/ny.argaladei.nu\/","logo":{"@type":"ImageObject","inLanguage":"sv-SE","@id":"https:\/\/ny.argaladei.nu\/#\/schema\/logo\/image\/","url":"https:\/\/ny.argaladei.nu\/wp-content\/uploads\/2023\/09\/Argaladei_Logo.png","contentUrl":"https:\/\/ny.argaladei.nu\/wp-content\/uploads\/2023\/09\/Argaladei_Logo.png","width":800,"height":778,"caption":"Argaladei"},"image":{"@id":"https:\/\/ny.argaladei.nu\/#\/schema\/logo\/image\/"},"sameAs":["https:\/\/www.facebook.com\/profile.php?id=100064881722220"]}]}},"_links":{"self":[{"href":"https:\/\/ny.argaladei.nu\/index.php?rest_route=\/wp\/v2\/pages\/277"}],"collection":[{"href":"https:\/\/ny.argaladei.nu\/index.php?rest_route=\/wp\/v2\/pages"}],"about":[{"href":"https:\/\/ny.argaladei.nu\/index.php?rest_route=\/wp\/v2\/types\/page"}],"author":[{"embeddable":true,"href":"https:\/\/ny.argaladei.nu\/index.php?rest_route=\/wp\/v2\/users\/5"}],"replies":[{"embeddable":true,"href":"https:\/\/ny.argaladei.nu\/index.php?rest_route=%2Fwp%2Fv2%2Fcomments&post=277"}],"version-history":[{"count":2,"href":"https:\/\/ny.argaladei.nu\/index.php?rest_route=\/wp\/v2\/pages\/277\/revisions"}],"predecessor-version":[{"id":281,"href":"https:\/\/ny.argaladei.nu\/index.php?rest_route=\/wp\/v2\/pages\/277\/revisions\/281"}],"wp:attachment":[{"href":"https:\/\/ny.argaladei.nu\/index.php?rest_route=%2Fwp%2Fv2%2Fmedia&parent=277"}],"curies":[{"name":"wp","href":"https:\/\/api.w.org\/{rel}","templated":true}]}}