{"id":375,"date":"2024-03-03T15:24:32","date_gmt":"2024-03-03T14:24:32","guid":{"rendered":"https:\/\/ny.argaladei.nu\/?page_id=375"},"modified":"2024-11-24T20:19:23","modified_gmt":"2024-11-24T19:19:23","slug":"argaladeis-foreningsarkiv","status":"publish","type":"page","link":"https:\/\/ny.argaladei.nu\/?page_id=375","title":{"rendered":"Arkivtr\u00e4ff 2024"},"content":{"rendered":"\n<p>Argaladeis f\u00f6reningsarkiv \u2012 28:e november 2024.<br>Visste du att Argaladei har ett gediget historiskt material samlat p\u00e5 Arkiv V\u00e4stmanland? <\/p>\n\n\n\n<p>H\u00e4r finns m\u00f6jlighet att titta p\u00e5 gamla expeditionsrapporter, bilder och kursrapporter. Du kanske har Argaladei-material som kan vara intressant att donera till arkivet? F\u00f6reningen har \u00e5terkommande tr\u00e4ffar vid arkivet, som numera har sitt hemvist i Arboga. <\/p>\n\n\n\n<p>Vi kommer att finnas p\u00e5 plats kl. 10.00.&nbsp;<\/p>\n\n\n\n<p>Du f\u00e5r g\u00e4rna komma under dagen, men anm\u00e4l dig p\u00e5 mejl eller ring eller smsa till<strong>\u00a0Annika p\u00e5 tel. 076 793 09 08,\u00a0<\/strong>om du t\u00e4nker komma!\u00a0Du f\u00e5r g\u00e4rna h\u00f6ra av dig om du har fr\u00e5gor om arkivet och arkivmaterial. H\u00e4lsningar fr\u00e5n Mats Ericsson (f\u00f6reningens ordf\u00f6rande)och Annika Wald\u00e9n (f\u00f6reningens sekreterare)<\/p>\n","protected":false},"excerpt":{"rendered":"<p>Argaladeis f\u00f6reningsarkiv \u2012 28:e november 2024.Visste du att Argaladei har ett gediget historiskt material samlat p\u00e5 Arkiv V\u00e4stmanland? H\u00e4r finns m\u00f6jlighet att titta p\u00e5 gamla expeditionsrapporter, bilder och kursrapporter. Du kanske har Argaladei-material som kan vara intressant att donera till arkivet? F\u00f6reningen har \u00e5terkommande tr\u00e4ffar vid arkivet, som numera har sitt hemvist i Arboga. Vi &hellip; <\/p>\n<p class=\"link-more\"><a href=\"https:\/\/ny.argaladei.nu\/?page_id=375\" class=\"more-link\">L\u00e4s mer<span class=\"screen-reader-text\"> \u201dArkivtr\u00e4ff 2024\u201d<\/span><\/a><\/p>\n","protected":false},"author":4,"featured_media":0,"parent":0,"menu_order":0,"comment_status":"closed","ping_status":"closed","template":"","meta":{"footnotes":""},"yoast_head":"<!-- This site is optimized with the Yoast SEO plugin v23.3 - https:\/\/yoast.com\/wordpress\/plugins\/seo\/ -->\n<title>Arkivtr\u00e4ff 2024 - Argaladei<\/title>\n<meta name=\"robots\" content=\"index, follow, max-snippet:-1, max-image-preview:large, max-video-preview:-1\" \/>\n<link rel=\"canonical\" href=\"https:\/\/ny.argaladei.nu\/?page_id=375\" \/>\n<meta property=\"og:locale\" content=\"sv_SE\" \/>\n<meta property=\"og:type\" content=\"article\" \/>\n<meta property=\"og:title\" content=\"Arkivtr\u00e4ff 2024 - Argaladei\" \/>\n<meta property=\"og:description\" content=\"Argaladeis f\u00f6reningsarkiv \u2012 28:e november 2024.Visste du att Argaladei har ett gediget historiskt material samlat p\u00e5 Arkiv V\u00e4stmanland? H\u00e4r finns m\u00f6jlighet att titta p\u00e5 gamla expeditionsrapporter, bilder och kursrapporter. Du kanske har Argaladei-material som kan vara intressant att donera till arkivet? F\u00f6reningen har \u00e5terkommande tr\u00e4ffar vid arkivet, som numera har sitt hemvist i Arboga. Vi &hellip; L\u00e4s mer \u201dArkivtr\u00e4ff 2024\u201d\" \/>\n<meta property=\"og:url\" content=\"https:\/\/ny.argaladei.nu\/?page_id=375\" \/>\n<meta property=\"og:site_name\" content=\"Argaladei\" \/>\n<meta property=\"article:publisher\" content=\"https:\/\/www.facebook.com\/profile.php?id=100064881722220\" \/>\n<meta property=\"article:modified_time\" content=\"2024-11-24T19:19:23+00:00\" \/>\n<meta name=\"twitter:card\" content=\"summary_large_image\" \/>\n<meta name=\"twitter:label1\" content=\"Ber\u00e4knad l\u00e4stid\" \/>\n\t<meta name=\"twitter:data1\" content=\"1 minut\" \/>\n<script type=\"application\/ld+json\" class=\"yoast-schema-graph\">{\"@context\":\"https:\/\/schema.org\",\"@graph\":[{\"@type\":\"WebPage\",\"@id\":\"https:\/\/ny.argaladei.nu\/?page_id=375\",\"url\":\"https:\/\/ny.argaladei.nu\/?page_id=375\",\"name\":\"Arkivtr\u00e4ff 2024 - Argaladei\",\"isPartOf\":{\"@id\":\"https:\/\/ny.argaladei.nu\/#website\"},\"datePublished\":\"2024-03-03T14:24:32+00:00\",\"dateModified\":\"2024-11-24T19:19:23+00:00\",\"breadcrumb\":{\"@id\":\"https:\/\/ny.argaladei.nu\/?page_id=375#breadcrumb\"},\"inLanguage\":\"sv-SE\",\"potentialAction\":[{\"@type\":\"ReadAction\",\"target\":[\"https:\/\/ny.argaladei.nu\/?page_id=375\"]}]},{\"@type\":\"BreadcrumbList\",\"@id\":\"https:\/\/ny.argaladei.nu\/?page_id=375#breadcrumb\",\"itemListElement\":[{\"@type\":\"ListItem\",\"position\":1,\"name\":\"Home\",\"item\":\"https:\/\/ny.argaladei.nu\/\"},{\"@type\":\"ListItem\",\"position\":2,\"name\":\"Arkivtr\u00e4ff 2024\"}]},{\"@type\":\"WebSite\",\"@id\":\"https:\/\/ny.argaladei.nu\/#website\",\"url\":\"https:\/\/ny.argaladei.nu\/\",\"name\":\"Argaladei\",\"description\":\"Friluftsliv - en livsstil\",\"publisher\":{\"@id\":\"https:\/\/ny.argaladei.nu\/#organization\"},\"potentialAction\":[{\"@type\":\"SearchAction\",\"target\":{\"@type\":\"EntryPoint\",\"urlTemplate\":\"https:\/\/ny.argaladei.nu\/?s={search_term_string}\"},\"query-input\":\"required name=search_term_string\"}],\"inLanguage\":\"sv-SE\"},{\"@type\":\"Organization\",\"@id\":\"https:\/\/ny.argaladei.nu\/#organization\",\"name\":\"Argaladei\",\"url\":\"https:\/\/ny.argaladei.nu\/\",\"logo\":{\"@type\":\"ImageObject\",\"inLanguage\":\"sv-SE\",\"@id\":\"https:\/\/ny.argaladei.nu\/#\/schema\/logo\/image\/\",\"url\":\"https:\/\/ny.argaladei.nu\/wp-content\/uploads\/2023\/09\/Argaladei_Logo.png\",\"contentUrl\":\"https:\/\/ny.argaladei.nu\/wp-content\/uploads\/2023\/09\/Argaladei_Logo.png\",\"width\":800,\"height\":778,\"caption\":\"Argaladei\"},\"image\":{\"@id\":\"https:\/\/ny.argaladei.nu\/#\/schema\/logo\/image\/\"},\"sameAs\":[\"https:\/\/www.facebook.com\/profile.php?id=100064881722220\"]}]}<\/script>\n<!-- \/ Yoast SEO plugin. -->","yoast_head_json":{"title":"Arkivtr\u00e4ff 2024 - Argaladei","robots":{"index":"index","follow":"follow","max-snippet":"max-snippet:-1","max-image-preview":"max-image-preview:large","max-video-preview":"max-video-preview:-1"},"canonical":"https:\/\/ny.argaladei.nu\/?page_id=375","og_locale":"sv_SE","og_type":"article","og_title":"Arkivtr\u00e4ff 2024 - Argaladei","og_description":"Argaladeis f\u00f6reningsarkiv \u2012 28:e november 2024.Visste du att Argaladei har ett gediget historiskt material samlat p\u00e5 Arkiv V\u00e4stmanland? H\u00e4r finns m\u00f6jlighet att titta p\u00e5 gamla expeditionsrapporter, bilder och kursrapporter. Du kanske har Argaladei-material som kan vara intressant att donera till arkivet? F\u00f6reningen har \u00e5terkommande tr\u00e4ffar vid arkivet, som numera har sitt hemvist i Arboga. Vi &hellip; L\u00e4s mer \u201dArkivtr\u00e4ff 2024\u201d","og_url":"https:\/\/ny.argaladei.nu\/?page_id=375","og_site_name":"Argaladei","article_publisher":"https:\/\/www.facebook.com\/profile.php?id=100064881722220","article_modified_time":"2024-11-24T19:19:23+00:00","twitter_card":"summary_large_image","twitter_misc":{"Ber\u00e4knad l\u00e4stid":"1 minut"},"schema":{"@context":"https:\/\/schema.org","@graph":[{"@type":"WebPage","@id":"https:\/\/ny.argaladei.nu\/?page_id=375","url":"https:\/\/ny.argaladei.nu\/?page_id=375","name":"Arkivtr\u00e4ff 2024 - Argaladei","isPartOf":{"@id":"https:\/\/ny.argaladei.nu\/#website"},"datePublished":"2024-03-03T14:24:32+00:00","dateModified":"2024-11-24T19:19:23+00:00","breadcrumb":{"@id":"https:\/\/ny.argaladei.nu\/?page_id=375#breadcrumb"},"inLanguage":"sv-SE","potentialAction":[{"@type":"ReadAction","target":["https:\/\/ny.argaladei.nu\/?page_id=375"]}]},{"@type":"BreadcrumbList","@id":"https:\/\/ny.argaladei.nu\/?page_id=375#breadcrumb","itemListElement":[{"@type":"ListItem","position":1,"name":"Home","item":"https:\/\/ny.argaladei.nu\/"},{"@type":"ListItem","position":2,"name":"Arkivtr\u00e4ff 2024"}]},{"@type":"WebSite","@id":"https:\/\/ny.argaladei.nu\/#website","url":"https:\/\/ny.argaladei.nu\/","name":"Argaladei","description":"Friluftsliv - en livsstil","publisher":{"@id":"https:\/\/ny.argaladei.nu\/#organization"},"potentialAction":[{"@type":"SearchAction","target":{"@type":"EntryPoint","urlTemplate":"https:\/\/ny.argaladei.nu\/?s={search_term_string}"},"query-input":"required name=search_term_string"}],"inLanguage":"sv-SE"},{"@type":"Organization","@id":"https:\/\/ny.argaladei.nu\/#organization","name":"Argaladei","url":"https:\/\/ny.argaladei.nu\/","logo":{"@type":"ImageObject","inLanguage":"sv-SE","@id":"https:\/\/ny.argaladei.nu\/#\/schema\/logo\/image\/","url":"https:\/\/ny.argaladei.nu\/wp-content\/uploads\/2023\/09\/Argaladei_Logo.png","contentUrl":"https:\/\/ny.argaladei.nu\/wp-content\/uploads\/2023\/09\/Argaladei_Logo.png","width":800,"height":778,"caption":"Argaladei"},"image":{"@id":"https:\/\/ny.argaladei.nu\/#\/schema\/logo\/image\/"},"sameAs":["https:\/\/www.facebook.com\/profile.php?id=100064881722220"]}]}},"_links":{"self":[{"href":"https:\/\/ny.argaladei.nu\/index.php?rest_route=\/wp\/v2\/pages\/375"}],"collection":[{"href":"https:\/\/ny.argaladei.nu\/index.php?rest_route=\/wp\/v2\/pages"}],"about":[{"href":"https:\/\/ny.argaladei.nu\/index.php?rest_route=\/wp\/v2\/types\/page"}],"author":[{"embeddable":true,"href":"https:\/\/ny.argaladei.nu\/index.php?rest_route=\/wp\/v2\/users\/4"}],"replies":[{"embeddable":true,"href":"https:\/\/ny.argaladei.nu\/index.php?rest_route=%2Fwp%2Fv2%2Fcomments&post=375"}],"version-history":[{"count":4,"href":"https:\/\/ny.argaladei.nu\/index.php?rest_route=\/wp\/v2\/pages\/375\/revisions"}],"predecessor-version":[{"id":466,"href":"https:\/\/ny.argaladei.nu\/index.php?rest_route=\/wp\/v2\/pages\/375\/revisions\/466"}],"wp:attachment":[{"href":"https:\/\/ny.argaladei.nu\/index.php?rest_route=%2Fwp%2Fv2%2Fmedia&parent=375"}],"curies":[{"name":"wp","href":"https:\/\/api.w.org\/{rel}","templated":true}]}}