{"id":613,"date":"2025-12-08T19:37:31","date_gmt":"2025-12-08T18:37:31","guid":{"rendered":"https:\/\/ny.argaladei.nu\/?page_id=613"},"modified":"2026-02-15T21:49:12","modified_gmt":"2026-02-15T20:49:12","slug":"arsmote-2026","status":"publish","type":"page","link":"https:\/\/ny.argaladei.nu\/?page_id=613","title":{"rendered":"\u00c5rsm\u00f6te 2026 2 maj"},"content":{"rendered":"\n<p>Kallelse till digitalt \u00e5rsm\u00f6te kl.16.00, l\u00f6rdag den 2 maj 2026<\/p>\n\n\n\n<p><strong>Endast f\u00f6r medlemmar: <\/strong><br>F\u00f6rslag och motioner ska var styrelsen tillhanda senast 15 februari  <br>Anm\u00e4l till det digitala \u00e5rsm\u00f6tet senast den 26 april <br>\u00c5rsm\u00f6teshandlingar finns att tillg\u00e5 fr\u00e5n 12 april<br>E-post: till <a href=\"mailto:argaladei.nu@gmail.com\" target=\"_blank\" rel=\"noreferrer noopener\">argaladei.nu@gmail.com<\/a><\/p>\n\n\n\n<p><strong>Helg med Argaladei 1\u20123 maj inf\u00f6r jubileumsfirandet<\/strong><br>Helg med Argaladei 1-3 maj \u00e4r p\u00e5 Bj\u00f6rn\u00f6\/Ingar\u00f6 utanf\u00f6r Stockholm En m\u00f6jlighet att tr\u00e4ffa delar av styrelsen och delta i det digitala \u00e5rsm\u00f6tet tillsammans. Boende i eget t\u00e4lt. M\u00f6jlighet till s\u00e4ngplats g\u00e5r att ordna vid behov. Vi kan paddla, hantverka och vandra i skogen. Mat till sj\u00e4lvkostnadspris cirka 250 kr. <br>Anm\u00e4lan skickas till <a href=\"mailto:argaladei.nu@gmail.com\" target=\"_blank\" rel=\"noreferrer noopener\">argaladei.nu@gmail.com<\/a> senast den 26 april.<\/p>\n\n\n\n<figure class=\"wp-block-image size-large is-resized\"><img loading=\"lazy\" decoding=\"async\" width=\"2560\" height=\"1920\" src=\"https:\/\/ny.argaladei.nu\/wp-content\/uploads\/2026\/02\/PXL_20250906_165113419.MP_-1-edited-scaled.jpg\" alt=\"\" class=\"wp-image-638\" style=\"width:777px;height:auto\" srcset=\"https:\/\/ny.argaladei.nu\/wp-content\/uploads\/2026\/02\/PXL_20250906_165113419.MP_-1-edited-scaled.jpg 2560w, https:\/\/ny.argaladei.nu\/wp-content\/uploads\/2026\/02\/PXL_20250906_165113419.MP_-1-edited-300x225.jpg 300w, https:\/\/ny.argaladei.nu\/wp-content\/uploads\/2026\/02\/PXL_20250906_165113419.MP_-1-edited-1024x768.jpg 1024w, https:\/\/ny.argaladei.nu\/wp-content\/uploads\/2026\/02\/PXL_20250906_165113419.MP_-1-edited-768x576.jpg 768w, https:\/\/ny.argaladei.nu\/wp-content\/uploads\/2026\/02\/PXL_20250906_165113419.MP_-1-edited-1536x1152.jpg 1536w, https:\/\/ny.argaladei.nu\/wp-content\/uploads\/2026\/02\/PXL_20250906_165113419.MP_-1-edited-2048x1536.jpg 2048w, https:\/\/ny.argaladei.nu\/wp-content\/uploads\/2026\/02\/PXL_20250906_165113419.MP_-1-edited-2000x1500.jpg 2000w\" sizes=\"(max-width: 2560px) 100vw, 2560px\" \/><\/figure>\n","protected":false},"excerpt":{"rendered":"<p>Kallelse till digitalt \u00e5rsm\u00f6te kl.16.00, l\u00f6rdag den 2 maj 2026 Endast f\u00f6r medlemmar: F\u00f6rslag och motioner ska var styrelsen tillhanda senast 15 februari Anm\u00e4l till det digitala \u00e5rsm\u00f6tet senast den 26 april \u00c5rsm\u00f6teshandlingar finns att tillg\u00e5 fr\u00e5n 12 aprilE-post: till argaladei.nu@gmail.com Helg med Argaladei 1\u20123 maj inf\u00f6r jubileumsfirandetHelg med Argaladei 1-3 maj \u00e4r p\u00e5 Bj\u00f6rn\u00f6\/Ingar\u00f6 &hellip; <\/p>\n<p class=\"link-more\"><a href=\"https:\/\/ny.argaladei.nu\/?page_id=613\" class=\"more-link\">L\u00e4s mer<span class=\"screen-reader-text\"> \u201d\u00c5rsm\u00f6te 2026 2 maj\u201d<\/span><\/a><\/p>\n","protected":false},"author":4,"featured_media":0,"parent":0,"menu_order":0,"comment_status":"closed","ping_status":"closed","template":"","meta":{"footnotes":""},"yoast_head":"<!-- This site is optimized with the Yoast SEO plugin v23.3 - https:\/\/yoast.com\/wordpress\/plugins\/seo\/ -->\n<title>\u00c5rsm\u00f6te 2026 2 maj - Argaladei<\/title>\n<meta name=\"description\" content=\"F\u00f6reningen Argaladeis \u00e5rsm\u00f6te 2 maj 2026. Medlemsinformation om anm\u00e4lan m.m. till \u00e5resm\u00f6tet.\" \/>\n<meta name=\"robots\" content=\"index, follow, max-snippet:-1, max-image-preview:large, max-video-preview:-1\" \/>\n<link rel=\"canonical\" href=\"https:\/\/ny.argaladei.nu\/?page_id=613\" \/>\n<meta property=\"og:locale\" content=\"sv_SE\" \/>\n<meta property=\"og:type\" content=\"article\" \/>\n<meta property=\"og:title\" content=\"\u00c5rsm\u00f6te 2026 2 maj - Argaladei\" \/>\n<meta property=\"og:description\" content=\"F\u00f6reningen Argaladeis \u00e5rsm\u00f6te 2 maj 2026. Medlemsinformation om anm\u00e4lan m.m. till \u00e5resm\u00f6tet.\" \/>\n<meta property=\"og:url\" content=\"https:\/\/ny.argaladei.nu\/?page_id=613\" \/>\n<meta property=\"og:site_name\" content=\"Argaladei\" \/>\n<meta property=\"article:publisher\" content=\"https:\/\/www.facebook.com\/profile.php?id=100064881722220\" \/>\n<meta property=\"article:modified_time\" content=\"2026-02-15T20:49:12+00:00\" \/>\n<meta property=\"og:image\" content=\"https:\/\/ny.argaladei.nu\/wp-content\/uploads\/2026\/02\/PXL_20250906_165113419.MP_-1-edited-scaled.jpg\" \/>\n<meta name=\"twitter:card\" content=\"summary_large_image\" \/>\n<meta name=\"twitter:label1\" content=\"Ber\u00e4knad l\u00e4stid\" \/>\n\t<meta name=\"twitter:data1\" content=\"1 minut\" \/>\n<script type=\"application\/ld+json\" class=\"yoast-schema-graph\">{\"@context\":\"https:\/\/schema.org\",\"@graph\":[{\"@type\":\"WebPage\",\"@id\":\"https:\/\/ny.argaladei.nu\/?page_id=613\",\"url\":\"https:\/\/ny.argaladei.nu\/?page_id=613\",\"name\":\"\u00c5rsm\u00f6te 2026 2 maj - Argaladei\",\"isPartOf\":{\"@id\":\"https:\/\/ny.argaladei.nu\/#website\"},\"primaryImageOfPage\":{\"@id\":\"https:\/\/ny.argaladei.nu\/?page_id=613#primaryimage\"},\"image\":{\"@id\":\"https:\/\/ny.argaladei.nu\/?page_id=613#primaryimage\"},\"thumbnailUrl\":\"https:\/\/ny.argaladei.nu\/wp-content\/uploads\/2026\/02\/PXL_20250906_165113419.MP_-1-edited-scaled.jpg\",\"datePublished\":\"2025-12-08T18:37:31+00:00\",\"dateModified\":\"2026-02-15T20:49:12+00:00\",\"description\":\"F\u00f6reningen Argaladeis \u00e5rsm\u00f6te 2 maj 2026. Medlemsinformation om anm\u00e4lan m.m. till \u00e5resm\u00f6tet.\",\"breadcrumb\":{\"@id\":\"https:\/\/ny.argaladei.nu\/?page_id=613#breadcrumb\"},\"inLanguage\":\"sv-SE\",\"potentialAction\":[{\"@type\":\"ReadAction\",\"target\":[\"https:\/\/ny.argaladei.nu\/?page_id=613\"]}]},{\"@type\":\"ImageObject\",\"inLanguage\":\"sv-SE\",\"@id\":\"https:\/\/ny.argaladei.nu\/?page_id=613#primaryimage\",\"url\":\"https:\/\/ny.argaladei.nu\/wp-content\/uploads\/2026\/02\/PXL_20250906_165113419.MP_-1-edited-scaled.jpg\",\"contentUrl\":\"https:\/\/ny.argaladei.nu\/wp-content\/uploads\/2026\/02\/PXL_20250906_165113419.MP_-1-edited-scaled.jpg\",\"width\":2560,\"height\":1920},{\"@type\":\"BreadcrumbList\",\"@id\":\"https:\/\/ny.argaladei.nu\/?page_id=613#breadcrumb\",\"itemListElement\":[{\"@type\":\"ListItem\",\"position\":1,\"name\":\"Home\",\"item\":\"https:\/\/ny.argaladei.nu\/\"},{\"@type\":\"ListItem\",\"position\":2,\"name\":\"\u00c5rsm\u00f6te 2026 2 maj\"}]},{\"@type\":\"WebSite\",\"@id\":\"https:\/\/ny.argaladei.nu\/#website\",\"url\":\"https:\/\/ny.argaladei.nu\/\",\"name\":\"Argaladei\",\"description\":\"Friluftsliv - en livsstil\",\"publisher\":{\"@id\":\"https:\/\/ny.argaladei.nu\/#organization\"},\"potentialAction\":[{\"@type\":\"SearchAction\",\"target\":{\"@type\":\"EntryPoint\",\"urlTemplate\":\"https:\/\/ny.argaladei.nu\/?s={search_term_string}\"},\"query-input\":\"required name=search_term_string\"}],\"inLanguage\":\"sv-SE\"},{\"@type\":\"Organization\",\"@id\":\"https:\/\/ny.argaladei.nu\/#organization\",\"name\":\"Argaladei\",\"url\":\"https:\/\/ny.argaladei.nu\/\",\"logo\":{\"@type\":\"ImageObject\",\"inLanguage\":\"sv-SE\",\"@id\":\"https:\/\/ny.argaladei.nu\/#\/schema\/logo\/image\/\",\"url\":\"https:\/\/ny.argaladei.nu\/wp-content\/uploads\/2023\/09\/Argaladei_Logo.png\",\"contentUrl\":\"https:\/\/ny.argaladei.nu\/wp-content\/uploads\/2023\/09\/Argaladei_Logo.png\",\"width\":800,\"height\":778,\"caption\":\"Argaladei\"},\"image\":{\"@id\":\"https:\/\/ny.argaladei.nu\/#\/schema\/logo\/image\/\"},\"sameAs\":[\"https:\/\/www.facebook.com\/profile.php?id=100064881722220\"]}]}<\/script>\n<!-- \/ Yoast SEO plugin. -->","yoast_head_json":{"title":"\u00c5rsm\u00f6te 2026 2 maj - Argaladei","description":"F\u00f6reningen Argaladeis \u00e5rsm\u00f6te 2 maj 2026. Medlemsinformation om anm\u00e4lan m.m. till \u00e5resm\u00f6tet.","robots":{"index":"index","follow":"follow","max-snippet":"max-snippet:-1","max-image-preview":"max-image-preview:large","max-video-preview":"max-video-preview:-1"},"canonical":"https:\/\/ny.argaladei.nu\/?page_id=613","og_locale":"sv_SE","og_type":"article","og_title":"\u00c5rsm\u00f6te 2026 2 maj - Argaladei","og_description":"F\u00f6reningen Argaladeis \u00e5rsm\u00f6te 2 maj 2026. Medlemsinformation om anm\u00e4lan m.m. till \u00e5resm\u00f6tet.","og_url":"https:\/\/ny.argaladei.nu\/?page_id=613","og_site_name":"Argaladei","article_publisher":"https:\/\/www.facebook.com\/profile.php?id=100064881722220","article_modified_time":"2026-02-15T20:49:12+00:00","og_image":[{"url":"https:\/\/ny.argaladei.nu\/wp-content\/uploads\/2026\/02\/PXL_20250906_165113419.MP_-1-edited-scaled.jpg"}],"twitter_card":"summary_large_image","twitter_misc":{"Ber\u00e4knad l\u00e4stid":"1 minut"},"schema":{"@context":"https:\/\/schema.org","@graph":[{"@type":"WebPage","@id":"https:\/\/ny.argaladei.nu\/?page_id=613","url":"https:\/\/ny.argaladei.nu\/?page_id=613","name":"\u00c5rsm\u00f6te 2026 2 maj - Argaladei","isPartOf":{"@id":"https:\/\/ny.argaladei.nu\/#website"},"primaryImageOfPage":{"@id":"https:\/\/ny.argaladei.nu\/?page_id=613#primaryimage"},"image":{"@id":"https:\/\/ny.argaladei.nu\/?page_id=613#primaryimage"},"thumbnailUrl":"https:\/\/ny.argaladei.nu\/wp-content\/uploads\/2026\/02\/PXL_20250906_165113419.MP_-1-edited-scaled.jpg","datePublished":"2025-12-08T18:37:31+00:00","dateModified":"2026-02-15T20:49:12+00:00","description":"F\u00f6reningen Argaladeis \u00e5rsm\u00f6te 2 maj 2026. Medlemsinformation om anm\u00e4lan m.m. till \u00e5resm\u00f6tet.","breadcrumb":{"@id":"https:\/\/ny.argaladei.nu\/?page_id=613#breadcrumb"},"inLanguage":"sv-SE","potentialAction":[{"@type":"ReadAction","target":["https:\/\/ny.argaladei.nu\/?page_id=613"]}]},{"@type":"ImageObject","inLanguage":"sv-SE","@id":"https:\/\/ny.argaladei.nu\/?page_id=613#primaryimage","url":"https:\/\/ny.argaladei.nu\/wp-content\/uploads\/2026\/02\/PXL_20250906_165113419.MP_-1-edited-scaled.jpg","contentUrl":"https:\/\/ny.argaladei.nu\/wp-content\/uploads\/2026\/02\/PXL_20250906_165113419.MP_-1-edited-scaled.jpg","width":2560,"height":1920},{"@type":"BreadcrumbList","@id":"https:\/\/ny.argaladei.nu\/?page_id=613#breadcrumb","itemListElement":[{"@type":"ListItem","position":1,"name":"Home","item":"https:\/\/ny.argaladei.nu\/"},{"@type":"ListItem","position":2,"name":"\u00c5rsm\u00f6te 2026 2 maj"}]},{"@type":"WebSite","@id":"https:\/\/ny.argaladei.nu\/#website","url":"https:\/\/ny.argaladei.nu\/","name":"Argaladei","description":"Friluftsliv - en livsstil","publisher":{"@id":"https:\/\/ny.argaladei.nu\/#organization"},"potentialAction":[{"@type":"SearchAction","target":{"@type":"EntryPoint","urlTemplate":"https:\/\/ny.argaladei.nu\/?s={search_term_string}"},"query-input":"required name=search_term_string"}],"inLanguage":"sv-SE"},{"@type":"Organization","@id":"https:\/\/ny.argaladei.nu\/#organization","name":"Argaladei","url":"https:\/\/ny.argaladei.nu\/","logo":{"@type":"ImageObject","inLanguage":"sv-SE","@id":"https:\/\/ny.argaladei.nu\/#\/schema\/logo\/image\/","url":"https:\/\/ny.argaladei.nu\/wp-content\/uploads\/2023\/09\/Argaladei_Logo.png","contentUrl":"https:\/\/ny.argaladei.nu\/wp-content\/uploads\/2023\/09\/Argaladei_Logo.png","width":800,"height":778,"caption":"Argaladei"},"image":{"@id":"https:\/\/ny.argaladei.nu\/#\/schema\/logo\/image\/"},"sameAs":["https:\/\/www.facebook.com\/profile.php?id=100064881722220"]}]}},"_links":{"self":[{"href":"https:\/\/ny.argaladei.nu\/index.php?rest_route=\/wp\/v2\/pages\/613"}],"collection":[{"href":"https:\/\/ny.argaladei.nu\/index.php?rest_route=\/wp\/v2\/pages"}],"about":[{"href":"https:\/\/ny.argaladei.nu\/index.php?rest_route=\/wp\/v2\/types\/page"}],"author":[{"embeddable":true,"href":"https:\/\/ny.argaladei.nu\/index.php?rest_route=\/wp\/v2\/users\/4"}],"replies":[{"embeddable":true,"href":"https:\/\/ny.argaladei.nu\/index.php?rest_route=%2Fwp%2Fv2%2Fcomments&post=613"}],"version-history":[{"count":6,"href":"https:\/\/ny.argaladei.nu\/index.php?rest_route=\/wp\/v2\/pages\/613\/revisions"}],"predecessor-version":[{"id":728,"href":"https:\/\/ny.argaladei.nu\/index.php?rest_route=\/wp\/v2\/pages\/613\/revisions\/728"}],"wp:attachment":[{"href":"https:\/\/ny.argaladei.nu\/index.php?rest_route=%2Fwp%2Fv2%2Fmedia&parent=613"}],"curies":[{"name":"wp","href":"https:\/\/api.w.org\/{rel}","templated":true}]}}